{"id":345,"date":"2020-12-28T22:50:14","date_gmt":"2020-12-28T21:50:14","guid":{"rendered":"https:\/\/wb-sfb.machleidt.info\/ausstellung\/?page_id=345"},"modified":"2021-01-10T15:28:56","modified_gmt":"2021-01-10T14:28:56","slug":"aufgabenstellung","status":"publish","type":"page","link":"https:\/\/wb-sfb.machleidt.info\/ausstellung\/aufgabenstellung\/","title":{"rendered":"Aufgabenstellung"},"content":{"rendered":"<p>&nbsp;<\/p>\n<div class=\"su-row\"><div class=\"su-column su-column-size-1-2\"><div class=\"su-column-inner su-u-clearfix su-u-trim\">\n<h3><img loading=\"lazy\" decoding=\"async\" class=\"alignnone wp-image-78 zoooom\" src=\"https:\/\/wb-sfb.machleidt.info\/ausstellung\/wp-content\/uploads\/2020\/12\/Wettbewerbsgebiet-300x295.jpg\" alt=\"\" width=\"500\" height=\"491\" srcset=\"https:\/\/wb-sfb.machleidt.info\/ausstellung\/wp-content\/uploads\/2020\/12\/Wettbewerbsgebiet-300x295.jpg 300w, https:\/\/wb-sfb.machleidt.info\/ausstellung\/wp-content\/uploads\/2020\/12\/Wettbewerbsgebiet-1024x1006.jpg 1024w, https:\/\/wb-sfb.machleidt.info\/ausstellung\/wp-content\/uploads\/2020\/12\/Wettbewerbsgebiet-768x754.jpg 768w, https:\/\/wb-sfb.machleidt.info\/ausstellung\/wp-content\/uploads\/2020\/12\/Wettbewerbsgebiet-1536x1509.jpg 1536w, https:\/\/wb-sfb.machleidt.info\/ausstellung\/wp-content\/uploads\/2020\/12\/Wettbewerbsgebiet-2048x2012.jpg 2048w\" sizes=\"auto, (max-width: 500px) 100vw, 500px\" \/><\/h3>\n<p>Wettbewerbsgebiet<\/p>\n<\/div><\/div> <div class=\"su-column su-column-size-1-2\"><div class=\"su-column-inner su-u-clearfix su-u-trim\">\n<h4>Das Wettbewerbsgebiet<\/h4>\n<p>Das Wettbewerbsgebiet gliedert sich in einen 41 ha gro\u00dfen Realisierungsteil, der das Gel\u00e4nde des Sportforums Berlin, den Wirtschaftshof und die Fritz-Lesch-Stra\u00dfe umfasst, und einen 10,5 ha gro\u00dfen Ideenteil, der das Gel\u00e4nde des Schul- und Leistungssportzentrums Berlin (SLZB) sowie eine Teilfl\u00e4che des Friedhofs St. Andreas-St. Markus, f\u00fcr den die Friedhofsnutzung aufgegeben werden kann, umfasst.<\/p>\n<h4>Die Wettbewerbsaufgabe<\/h4>\n<p>Die Wettbewerbsaufgabe besteht in dem Entwurf einer st\u00e4dtebaulichen Planung f\u00fcr die Entwicklung des Sportforums \u00fcber einen langen Zeitraum. Daf\u00fcr ist ein zweistufiges Konzept zu entwickeln, das<\/p>\n<ul>\n<li>in der ersten Stufe die Umsetzung kurzfristig bis 2025 geplanter Bauma\u00dfnahmen ber\u00fccksichtigt,<\/li>\n<li>und in der zweiten Stufe aufzeigt, wie langfristig avisierte Ma\u00dfnahmen, mit denen neue Impulse im Sportforum gesetzt werden sollen, umgesetzt werden k\u00f6nnen.<\/li>\n<\/ul>\n<p>Zur Entwurfsaufgabe geh\u00f6ren auch ein Erschlie\u00dfungs- und Freiraumkonzept sowie Vorschl\u00e4ge f\u00fcr die Gestaltung der Ideenteile.<\/p>\n<\/div><\/div> <\/div>\n<h3>1. Stufe: Kurzfristige Bauvorhaben (bis 2025)<\/h3>\n<div class=\"su-row\"><div class=\"su-column su-column-size-1-2\"><div class=\"su-column-inner su-u-clearfix su-u-trim\">\n<p><img loading=\"lazy\" decoding=\"async\" class=\"zoooom alignnone wp-image-81\" src=\"https:\/\/wb-sfb.machleidt.info\/ausstellung\/wp-content\/uploads\/2020\/12\/Stufe-1-996x1024.jpg\" alt=\"\" width=\"500\" height=\"514\" srcset=\"https:\/\/wb-sfb.machleidt.info\/ausstellung\/wp-content\/uploads\/2020\/12\/Stufe-1-996x1024.jpg 996w, https:\/\/wb-sfb.machleidt.info\/ausstellung\/wp-content\/uploads\/2020\/12\/Stufe-1-292x300.jpg 292w, https:\/\/wb-sfb.machleidt.info\/ausstellung\/wp-content\/uploads\/2020\/12\/Stufe-1-768x789.jpg 768w, https:\/\/wb-sfb.machleidt.info\/ausstellung\/wp-content\/uploads\/2020\/12\/Stufe-1-1495x1536.jpg 1495w, https:\/\/wb-sfb.machleidt.info\/ausstellung\/wp-content\/uploads\/2020\/12\/Stufe-1-1993x2048.jpg 1993w\" sizes=\"auto, (max-width: 500px) 100vw, 500px\" \/><\/p>\n<\/div><\/div> <div class=\"su-column su-column-size-1-2\"><div class=\"su-column-inner su-u-clearfix su-u-trim\">\n<p><u>Bogensportanlage<\/u>: Abriss und Neubau<br \/>\n<u>Athletikhalle f\u00fcr den Eissport<\/u>: Neubau<br \/>\n<u>Baracke C<\/u>: Abriss und Ersatz durch ein Funktionsgeb\u00e4ude Fu\u00dfball<br \/>\n<u>Herberge und Vereinshaus<\/u>: Abriss (o. Umnutzung Herberge) und Ersatz durch ein Funktionsgeb\u00e4ude Leichtathletik<br \/>\n<u>Traglufthalle<\/u>: Abriss und Ersatz durch eine 3-Feld-Halle<br \/>\n<u>Rasenplatz 2<\/u>: kann ersatzlos aufgegeben werden<\/p>\n<\/div><\/div> <\/div>\n<p>&nbsp;<\/p>\n<h3>2. Stufe: Mittel- bis langfristige Ma\u00dfnahmen nach 2025<\/h3>\n<div class=\"su-row\"><div class=\"su-column su-column-size-1-2\"><div class=\"su-column-inner su-u-clearfix su-u-trim\">\n<p><img loading=\"lazy\" decoding=\"async\" class=\"alignnone wp-image-77 zoooom\" src=\"https:\/\/wb-sfb.machleidt.info\/ausstellung\/wp-content\/uploads\/2020\/12\/Stufe-2-292x300.jpg\" alt=\"\" width=\"500\" height=\"514\" srcset=\"https:\/\/wb-sfb.machleidt.info\/ausstellung\/wp-content\/uploads\/2020\/12\/Stufe-2-292x300.jpg 292w, https:\/\/wb-sfb.machleidt.info\/ausstellung\/wp-content\/uploads\/2020\/12\/Stufe-2-995x1024.jpg 995w, https:\/\/wb-sfb.machleidt.info\/ausstellung\/wp-content\/uploads\/2020\/12\/Stufe-2-768x790.jpg 768w, https:\/\/wb-sfb.machleidt.info\/ausstellung\/wp-content\/uploads\/2020\/12\/Stufe-2-1493x1536.jpg 1493w, https:\/\/wb-sfb.machleidt.info\/ausstellung\/wp-content\/uploads\/2020\/12\/Stufe-2-1990x2048.jpg 1990w\" sizes=\"auto, (max-width: 500px) 100vw, 500px\" \/><\/p>\n<\/div><\/div> <div class=\"su-column su-column-size-1-2\"><div class=\"su-column-inner su-u-clearfix su-u-trim\">Radtrainingsstrecke: Abriss und Neuanlage eines 500\u00a0m langen Rundkurses<br \/>\n<u>Fu\u00dfballstadion<\/u>: Abriss und Ersatz durch kleineren Neubau<br \/>\n<u>Olympiast\u00fctzpunkt<\/u>: Abriss und Ersatz durch Neubau<br \/>\n<u>Skatingbahn<\/u>: Verlagerung Richtung Eissporthallen<br \/>\n<u>Verwaltungsgeb\u00e4ude<\/u>: Standort ist disponibel, kann verlagert oder die Nutzung in ein anderes Geb\u00e4ude integriert werden<br \/>\n<u>Beachvolleyballfelder<\/u>: Lage ist disponibel unter Beachtung funktionaler Zusammenh\u00e4nge<br \/>\n<u>Fu\u00dfballfelder<\/u>: Standorte sind disponibel &#8211; Verlagerung m\u00f6glichst in r\u00e4umlichem Zusammenhang zueinander und zum Funktionsgeb\u00e4ude Fu\u00dfball<\/p>\n<p><u>Neubauten<\/u>:<br \/>\nBeachhandballanlage, Kita, Sportarena (letzter Baustein), Parkhaus (erst mit Sportarena)<\/p>\n<\/div><\/div> <\/div>\n<h3>Erschlie\u00dfungskonzept<\/h3>\n<h4>Ausgangssituation<\/h4>\n<p>Das ganze Areal ist von befahrbaren Stra\u00dfen durchzogen. Da es bei den Stra\u00dfen i. d. R. keine Untergliederung in Fahrbahn und Fu\u00dfweg gibt, kommt es heute zu Konfliktsituationen zwischen den unterschiedlichen Verkehrsteilnehmern.<\/p>\n<h4>Entwicklungsziele<\/h4>\n<p>Motorisierter Verkehr<\/p>\n<ul>\n<li>Reduzierung der Durchfahrbarkeit auf das notwendige Minimum<\/li>\n<li>Gew\u00e4hrleistung der Anfahrbarkeit aller Anlagen f\u00fcr Wartungsfahrzeuge etc.<\/li>\n<\/ul>\n<p>Ruhender Verkehr<\/p>\n<ul>\n<li>Neuordnung und Konzentration an den R\u00e4ndern<\/li>\n<li>Schaffung ausreichender Stellpl\u00e4tze f\u00fcr Fahrr\u00e4der und Teambusse<\/li>\n<\/ul>\n<p>Rad- und Fu\u00dfwege<\/p>\n<ul>\n<li>Entkopplung vom Kraftverkehrsnetz<\/li>\n<li>Verbesserung der Wegebeziehungen zwischen den Sportanlagen<\/li>\n<li>Anbindung an das st\u00e4dtische Umfeld<\/li>\n<\/ul>\n<h3>Freiraumkonzept<\/h3>\n<h4>Ausgangssituation<\/h4>\n<p>Ein richtiges Freiraumkonzept ist derzeit im Sportforum Berlin nicht erkennbar. Es gibt teilweise gliedernde Baumreihen, meist entlang der Stra\u00dfen, sowie z. T. Hecken als Einfriedungen. Was fehlt sind Aufenthaltsangebote im Freien.<\/p>\n<h4>Entwicklungsziele<\/h4>\n<p>Aufenthaltsangebote<\/p>\n<ul>\n<li>Schaffung freiraumbezogener Erholungsm\u00f6glichkeiten<br \/>\n(z. B. auf der heutigen Friedhofsfl\u00e4che)<\/li>\n<li>Nutzungsintensivierung durch Mehrfachnutzung von Fl\u00e4chen f\u00fcr Sport und Freizeit\/Erholung<\/li>\n<\/ul>\n<p>St\u00e4rkung der Bez\u00fcge<\/p>\n<ul>\n<li>St\u00e4rkung der Bez\u00fcge zwischen den Sportanlagen und<br \/>\nzum Schul- und Leistungssportzentrum<\/li>\n<li>Herstellung\/Verbesserung von Sichtbeziehungen<\/li>\n<\/ul>\n<p>Vegetation<\/p>\n<ul>\n<li>weitgehender Erhalt von Bestandsb\u00e4umen<\/li>\n<li>Erg\u00e4nzung klimaangepasster Arten<\/li>\n<\/ul>\n<p>Ausstattung und Materialit\u00e4t<\/p>\n<ul>\n<li>Identit\u00e4tsstiftender Gestaltungskanon<\/li>\n<li>Verwendung nachhaltiger Materialien<\/li>\n<\/ul>\n<h2>Ideenteile<\/h2>\n<h4>Friedhofsfl\u00e4che<\/h4>\n<p>Entwicklungsoptionen<\/p>\n<ul>\n<li>Umwidmung als \u00f6ffentliche Gr\u00fcnfl\u00e4che<\/li>\n<li>Nutzung als Gr\u00fcn- und Erholungsfl\u00e4che<\/li>\n<li>Schaffung von Wegeverbindungen<\/li>\n<li>Abbruch der Friedhofsmauer zur besseren Vernetzung<\/li>\n<li>einfache, informelle sportliche Aktivit\u00e4ten (z. B. Trimm-Dich-Pfad)<\/li>\n<\/ul>\n<p>Restriktionen<\/p>\n<ul>\n<li>Erhalt der naturr\u00e4umlichen Strukturen<\/li>\n<li>keine baulichen Anlagen, keine Sportfelder oder -ger\u00e4te<\/li>\n<li>Erhalt der Opfergr\u00e4ber<\/li>\n<\/ul>\n<h4>Schul- und Leistungssportzentrum<\/h4>\n<p>Entwicklungsoptionen<\/p>\n<ul>\n<li>weiterer Internatsbau mit 50-60\u00a0Pl\u00e4tzen<\/li>\n<li>2- bis 3-Feldhalle mit acht Unterrichtsr\u00e4umen f\u00fcr jeweils 24\u00a0Sch\u00fcler<\/li>\n<li>geschlossener Pavillon f\u00fcr au\u00dferunterrichtliche Ganztagsangebote<\/li>\n<li>Standorte f\u00fcr Elektromobilit\u00e4t<\/li>\n<\/ul>\n<p>&nbsp;<\/p>\n<p>Weiter zu den <a href=\"https:\/\/wb-sfb.machleidt.info\/ausstellung\/blog\/\">Wettbewerbsbeitr\u00e4gen<\/a><\/p>\n","protected":false},"excerpt":{"rendered":"","protected":false},"author":1,"featured_media":0,"parent":0,"menu_order":0,"comment_status":"closed","ping_status":"closed","template":"","meta":{"footnotes":""},"class_list":["post-345","page","type-page","status-publish","hentry","comments-off"],"_links":{"self":[{"href":"https:\/\/wb-sfb.machleidt.info\/ausstellung\/wp-json\/wp\/v2\/pages\/345","targetHints":{"allow":["GET"]}}],"collection":[{"href":"https:\/\/wb-sfb.machleidt.info\/ausstellung\/wp-json\/wp\/v2\/pages"}],"about":[{"href":"https:\/\/wb-sfb.machleidt.info\/ausstellung\/wp-json\/wp\/v2\/types\/page"}],"author":[{"embeddable":true,"href":"https:\/\/wb-sfb.machleidt.info\/ausstellung\/wp-json\/wp\/v2\/users\/1"}],"replies":[{"embeddable":true,"href":"https:\/\/wb-sfb.machleidt.info\/ausstellung\/wp-json\/wp\/v2\/comments?post=345"}],"version-history":[{"count":9,"href":"https:\/\/wb-sfb.machleidt.info\/ausstellung\/wp-json\/wp\/v2\/pages\/345\/revisions"}],"predecessor-version":[{"id":668,"href":"https:\/\/wb-sfb.machleidt.info\/ausstellung\/wp-json\/wp\/v2\/pages\/345\/revisions\/668"}],"wp:attachment":[{"href":"https:\/\/wb-sfb.machleidt.info\/ausstellung\/wp-json\/wp\/v2\/media?parent=345"}],"curies":[{"name":"wp","href":"https:\/\/api.w.org\/{rel}","templated":true}]}}