{"id":368,"date":"2020-12-28T23:19:36","date_gmt":"2020-12-28T22:19:36","guid":{"rendered":"https:\/\/wb-sfb.machleidt.info\/ausstellung\/?page_id=368"},"modified":"2021-01-28T00:18:46","modified_gmt":"2021-01-27T23:18:46","slug":"hinweise","status":"publish","type":"page","link":"https:\/\/wb-sfb.machleidt.info\/ausstellung\/hinweise\/","title":{"rendered":"Hinweise"},"content":{"rendered":"<h3>Technische HInweise<\/h3>\n<p>Es ist eine Herausforderung, die Pl\u00e4ne, die im Original das DIN A0-Format haben gut ablesbar, aber gleichzeitig \u00fcbersichtlich auf einer Webseite darzustellen. Zur Handhabung daher einige technische Hinweise.<\/p>\n<p>Die gr\u00f6\u00dftm\u00f6glche Darstellung erreichen Sie, wenn sie Ihren Browser im Vollbildmodus betreiben (Funktionstaste&nbsp;F11).<\/p>\n<p>Auf den Beitragsseiten werden die Pl\u00e4ne (ein Plan in Phase 1, drei Pl\u00e4ne und ein Modellfoto in der Phase 2) in der linken Spalte abgebildet. Wenn Sie den Mauszeiger dar\u00fcberf\u00fchren, erscheint rechts davon ein Ausschnittsfenster mit der vergr\u00f6\u00dferten Ausschnittsansicht. Die bestm\u00f6gliche Ansicht erzielen Sie, wenn Sie den zu betrachtenden Plan am oberen Bildrand platzieren.<\/p>\n<p>Die Seiten funktionieren auch auf mobilen Ger\u00e4ten, die \u00dcbersichtlichkeit und Darstellung der Arbeiten ist dabei nat\u00fcrlich nicht optimal.<\/p>\n<p>Nach den Einzelpl\u00e4nen ist noch ein Link zur Galerieansicht der Pl\u00e4ne (f\u00fcr Phase 2) eingef\u00fcgt.<\/p>\n<p>&nbsp;<\/p>\n","protected":false},"excerpt":{"rendered":"","protected":false},"author":1,"featured_media":0,"parent":0,"menu_order":0,"comment_status":"closed","ping_status":"closed","template":"","meta":{"footnotes":""},"class_list":["post-368","page","type-page","status-publish","hentry","comments-off"],"_links":{"self":[{"href":"https:\/\/wb-sfb.machleidt.info\/ausstellung\/wp-json\/wp\/v2\/pages\/368","targetHints":{"allow":["GET"]}}],"collection":[{"href":"https:\/\/wb-sfb.machleidt.info\/ausstellung\/wp-json\/wp\/v2\/pages"}],"about":[{"href":"https:\/\/wb-sfb.machleidt.info\/ausstellung\/wp-json\/wp\/v2\/types\/page"}],"author":[{"embeddable":true,"href":"https:\/\/wb-sfb.machleidt.info\/ausstellung\/wp-json\/wp\/v2\/users\/1"}],"replies":[{"embeddable":true,"href":"https:\/\/wb-sfb.machleidt.info\/ausstellung\/wp-json\/wp\/v2\/comments?post=368"}],"version-history":[{"count":10,"href":"https:\/\/wb-sfb.machleidt.info\/ausstellung\/wp-json\/wp\/v2\/pages\/368\/revisions"}],"predecessor-version":[{"id":758,"href":"https:\/\/wb-sfb.machleidt.info\/ausstellung\/wp-json\/wp\/v2\/pages\/368\/revisions\/758"}],"wp:attachment":[{"href":"https:\/\/wb-sfb.machleidt.info\/ausstellung\/wp-json\/wp\/v2\/media?parent=368"}],"curies":[{"name":"wp","href":"https:\/\/api.w.org\/{rel}","templated":true}]}}