{"id":723,"date":"2021-01-25T19:58:59","date_gmt":"2021-01-25T18:58:59","guid":{"rendered":"https:\/\/wb-sfb.machleidt.info\/ausstellung\/?page_id=723"},"modified":"2021-01-28T23:31:57","modified_gmt":"2021-01-28T22:31:57","slug":"phase-1-1002","status":"publish","type":"page","link":"https:\/\/wb-sfb.machleidt.info\/ausstellung\/phase-1-1002\/","title":{"rendered":"Phase 1 &#8211; 1002 (ausgew\u00e4hlt)"},"content":{"rendered":"<div class=\"su-row\"><div class=\"su-column su-column-size-1-2\"><div class=\"su-column-inner su-u-clearfix su-u-trim\">\n<p><img loading=\"lazy\" decoding=\"async\" class=\"alignnone size-full wp-image-750 zoooom\" src=\"https:\/\/wb-sfb.machleidt.info\/ausstellung\/wp-content\/uploads\/2021\/01\/PH1_1002-scaled.jpg\" alt=\"\" width=\"1810\" height=\"2560\" srcset=\"https:\/\/wb-sfb.machleidt.info\/ausstellung\/wp-content\/uploads\/2021\/01\/PH1_1002-scaled.jpg 1810w, https:\/\/wb-sfb.machleidt.info\/ausstellung\/wp-content\/uploads\/2021\/01\/PH1_1002-212x300.jpg 212w, https:\/\/wb-sfb.machleidt.info\/ausstellung\/wp-content\/uploads\/2021\/01\/PH1_1002-768x1086.jpg 768w, https:\/\/wb-sfb.machleidt.info\/ausstellung\/wp-content\/uploads\/2021\/01\/PH1_1002-1086x1536.jpg 1086w, https:\/\/wb-sfb.machleidt.info\/ausstellung\/wp-content\/uploads\/2021\/01\/PH1_1002-1448x2048.jpg 1448w\" sizes=\"auto, (max-width: 1810px) 100vw, 1810px\" \/><\/p>\n<\/div><\/div> <div class=\"su-column su-column-size-1-2\"><div class=\"su-column-inner su-u-clearfix su-u-trim\">\n<p class=\"Bro\" style=\"margin-left: 0cm; text-align: left; text-indent: 0cm; tab-stops: 35.4pt;\" align=\"left\"><span class=\"fett\"><strong>bbz landschaftsarchitekten, Berlin<\/strong><br \/>\n<\/span><span class=\"fett\"><span style=\"font-weight: normal;\">Verfasser: Timo Herrmann<br \/>\n<\/span><\/span><span class=\"fett\"><span style=\"font-weight: normal;\">Mitarbeit: Martin Mengs<\/span><\/span><\/p>\n<p class=\"Bro2\" style=\"margin-left: 0cm; text-align: left; tab-stops: 35.4pt;\" align=\"left\"><span class=\"fett\"><strong>Burckhardt + Partner, Berlin<\/strong><br \/>\n<\/span><span class=\"fett\"><span style=\"font-weight: normal;\">Verfasser: Reiner Becker<br \/>\n<\/span><\/span><span class=\"fett\"><span style=\"font-weight: normal;\">Mitarbeit: Sai Chawalitanont, Pablo Menendez, Per K\u00f6ngeter, Lukas Witalinski<\/span><\/span><\/p>\n<h3>Konzeption<\/h3>\n<p>Mit dem Konzept Olympiaforum Berlin wird ein Weg beschrieben wie das heutige Sportforum\u00a0 Lichtenberg schrittweise in eine moderne urbane Sportanlage auf Weltniveau entwickelt werden kann. Dabei werden die bestehenden Strukturen aufgegriffen und unter den Gesichtspunkten einer modernen demokratischen Gesellschaft und dem Olympischen Gedanken von Pierre de Coubertin zu einem Ort f\u00fcr alle weitergebaut.<\/p>\n<\/div><\/div> <\/div>\n<p>Hierf\u00fcr werden zwei grundlegende Ma\u00dfnahmen vorgeschlagen:<\/p>\n<p><em>1.) die Sortierung und Zonieren der Sportarten zu Nutzungsclustern mit Freizeit(sport)angeboten<\/em><\/p>\n<p><em>2.) ein Nutzungsorientiertes und angemessenes Erschlie\u00dfungssystem<\/em><\/p>\n<p>Die neu organisierten Sportcluster erhalten die f\u00fcnf Farben der Olympischen Ringe. Diese finden sich in den Materialien und Bel\u00e4gen wieder und schaffen auf subtile Weise ein Leitsystem in der gesamten Sportanlage. Um die Orientierung und Transparenz in die umliegende Stadt zu verbessern werden Eingangspl\u00e4tze geschaffen die \u00fcber Material- und Ausstattungsverwandschaft einen hohen Wiedererkennungswert haben und die Menschen \u00fcber die Funktionsb\u00e4nder in das Olympiaforum leiten.<\/p>\n<h3>Gestaltung<\/h3>\n<p><strong><em>Das Olympiaforum<\/em><\/strong> &#8211; Das neue Olympiaforum umschlie\u00dft die Arena, das Olympiazentrum und weitere Nutzungen, wie z.B. Gastronomische Einrichtungen, Fanshops, sowie sportmedizinische Angebote. Es bildet das Herzst\u00fcck aller Sportanlagen im Berliner Nord-Osten. Hier treffen sich alle Sportarten, Sportler und Besucher. Es ist ein Ort der Begegnung und des Austauschs. Die multicodierte Platzfl\u00e4che ist sowohl st\u00e4dtischer Platz, Sportbereich, Treffpunkt und ein experimenteller Ort f\u00fcr zuk\u00fcnftige Trendsportarten. Die Rundb\u00e4nke in den Farben der Olympischen Ringe sind mobil und k\u00f6nnen auf der Platzfl\u00e4che individuell angeordnet werden. Unter den Gr\u00fcninseln der Platzfl\u00e4che befinden sich Rigolen die einen Baustein des Regenwasserkonzeptes darstellen.<\/p>\n<p><strong><em>Funktionsb\u00e4nder<\/em><\/strong> &#8211; Die Funktionsb\u00e4nder f\u00fchren alle Besucher und Nutzer der Sportanlagen in das Zentrum des Olympiaforums. Sie dienen der komfortablen Erschlie\u00dfung f\u00fcr Fu\u00dfg\u00e4nger und Radfahrer und auch dem MIV als Einbahnverkehr auf einer separaten Fahrspur. Dabei werden Verschr\u00e4nkungen der Verkehrsstr\u00f6me minimiert. Die Funktionsb\u00e4nder stellen aber auch Laufstrecken dar und dienen dem t\u00e4glichen Ausdauertraining f\u00fcr Profi- und Freizeitsportler. Im Randbereich zu den Sportclustern wird ein entsiegelter Streifen mit Regenwassermulden, Fahrradparkern und Langb\u00e4nken angeordnet. Das Erschlie\u00dfungsnetz aus diesen Funktionsb\u00e4ndern verbindet das Olympiaforum zu einer Gesamtanlage.<\/p>\n<p><strong><em>The Beach<\/em><\/strong> &#8211; Tennenfl\u00e4chen, Spielfelder mit Sand und Kies als Fallschutzbelag lassen den Beachbereich in verschieden Gelbt\u00f6nen erstrahlen. Hier trifft Leistungssport auf einen Hauch von Sommerurlaub. Bewegungsf\u00f6rdernde Spielangebote, ein Boulderfelsen und eine Beachbar schaffen Angebote f\u00fcr die Bewohner der umliegenden Quartiere und beleben das Sportforum zus\u00e4tzlich. Die neue Trainingshalle der Beachhandballer komplettiert das Angebot und schafft Alljahrestaugliche Trainingsm\u00f6glichkeiten.<\/p>\n<p><strong><em>Rad- und Rollsport<\/em><\/strong> &#8211; Der Rad- und Rollsportbereich bekommt einen glatten dunklen Asphaltbelag mit Bodenmarkierungen. Viele Urbane Sportarten werden mit den Trainingsanlagen des Leistungssports auf dieser Fl\u00e4che zusammengebracht und schaffen ein symbiotisch dynamisches Miteinander.<\/p>\n<p><strong><em>Eissport<\/em><\/strong> &#8211; Das Eissportareal erh\u00e4lt einen blauen Farbaspahlt mit recyceltem Glassplitt in der Deckschicht. So entsteht das Bild einer glitzernden Eisfl\u00e4che im Sonnenlicht und schafft eine Transformation der Hallennutzungen in den Freiraum. Die geschwungenen Pflanzungen und Wegef\u00fchrung aus dem abgeschlossenen Wettbewerbsverfahren werden fortgef\u00fchrt und schaffen ein zusammenh\u00e4ngendes Eissportareal.<\/p>\n<p><strong><em>Fu\u00dfballareal<\/em><\/strong> &#8211; Der neue Fu\u00dfballtrainingsbereich erstrahlt in frischem Gr\u00fcn. Rasen und Kunstrasenpl\u00e4tze laden zum Training und f\u00fcr Wettk\u00e4mpfen ein. Nach S\u00fcden erhalten die Sportfl\u00e4chen einen Geh\u00f6lzsaum als Schallschutz zur angrenzenden Bebauung.<\/p>\n<p>Leichtathletik und Bogensport &#8211; Die rote Farbe von Aschenbahnen generiert die assoziative Farbcodierung f\u00fcr das Leichtathletik- und Bogensportzentrum. Das Leichtathletikstadion erh\u00e4lt eine \u00fcberdachte Trib\u00fcne. An der Fritz-Lesch-Stra\u00dfe entsteht ein Mobilityhub. Hier werden alle erforderlichen Stellpl\u00e4tze f\u00fcr alle Fahrzeugarten realisierrt. Von hier aus erreicht man alle Sportst\u00e4tten auf kurzem Weg.<\/p>\n<p><strong><em>Ideenteil &#8211; Recreation area<\/em><\/strong><\/p>\n<p>Bei der sanften Umwandlung der Friedhofsfl\u00e4che in eine Parkanlage werden Ruhe- und Erholungsangebote f\u00fcr die Sportler, Sch\u00fcler und Anwohner geschaffen. Die Kriegsgr\u00e4ber werden respektvoll in die Gesamtanlage integriert.<\/p>\n<p><strong><em>Ideenteil &#8211; Schul- und Leistungssportzentrum<\/em><\/strong><\/p>\n<p>Das Schulzentrum erh\u00e4lt eine Kiss&amp;Ride-Zone.<\/p>\n<p>\u00dcber die Parkwege und die Naherholungsangebote wird das Schulzentrum st\u00e4rker an die s\u00fcdlich gelegenen Sporteinrichtungen angebunden.<\/p>\n<p>Die robuste und einfache Grundstruktur erlaubt es, mit minimalen Mitteln eine hochwertige Neugestaltung des heutigen Sportforums herzustellen. Klare st\u00e4dtebauliche Setzungen geben dem Ort eine angemessene Erscheinung und werten ihn im Sinne einer gesamtheitlichen Gestaltung auf. Dabei wird auf regionale, nachhaltige und robuste Materialien und eine einfache Formensprache gesetzt. Ein Zero waste management w\u00e4hrend der stufenweise Realisierung setzt neue Ma\u00dfst\u00e4be bei der effizienten Umsetzung st\u00e4dtischer Bauvorhaben.<\/p>\n","protected":false},"excerpt":{"rendered":"","protected":false},"author":1,"featured_media":0,"parent":0,"menu_order":0,"comment_status":"closed","ping_status":"closed","template":"","meta":{"footnotes":""},"class_list":["post-723","page","type-page","status-publish","hentry","comments-off"],"_links":{"self":[{"href":"https:\/\/wb-sfb.machleidt.info\/ausstellung\/wp-json\/wp\/v2\/pages\/723","targetHints":{"allow":["GET"]}}],"collection":[{"href":"https:\/\/wb-sfb.machleidt.info\/ausstellung\/wp-json\/wp\/v2\/pages"}],"about":[{"href":"https:\/\/wb-sfb.machleidt.info\/ausstellung\/wp-json\/wp\/v2\/types\/page"}],"author":[{"embeddable":true,"href":"https:\/\/wb-sfb.machleidt.info\/ausstellung\/wp-json\/wp\/v2\/users\/1"}],"replies":[{"embeddable":true,"href":"https:\/\/wb-sfb.machleidt.info\/ausstellung\/wp-json\/wp\/v2\/comments?post=723"}],"version-history":[{"count":7,"href":"https:\/\/wb-sfb.machleidt.info\/ausstellung\/wp-json\/wp\/v2\/pages\/723\/revisions"}],"predecessor-version":[{"id":883,"href":"https:\/\/wb-sfb.machleidt.info\/ausstellung\/wp-json\/wp\/v2\/pages\/723\/revisions\/883"}],"wp:attachment":[{"href":"https:\/\/wb-sfb.machleidt.info\/ausstellung\/wp-json\/wp\/v2\/media?parent=723"}],"curies":[{"name":"wp","href":"https:\/\/api.w.org\/{rel}","templated":true}]}}