{"id":725,"date":"2021-01-25T19:45:31","date_gmt":"2021-01-25T18:45:31","guid":{"rendered":"https:\/\/wb-sfb.machleidt.info\/ausstellung\/?page_id=725"},"modified":"2021-01-29T16:17:11","modified_gmt":"2021-01-29T15:17:11","slug":"beitraege-1-phase","status":"publish","type":"page","link":"https:\/\/wb-sfb.machleidt.info\/ausstellung\/beitraege-1-phase\/","title":{"rendered":"Beitr\u00e4ge 1. Phase"},"content":{"rendered":"<p>In der ersten Phase haben sich 19 Teilnehmer f\u00fcr die weitere Teilnahme in der 2. Phase beworben. 11 der eingereichten Arbeiten wurden f\u00fcr die Teilnahme an der 2.\u00a0Phase ausgew\u00e4hlt.<\/p>\n<p>Bitte beachten Sie, dass die Kennnummern der Beitr\u00e4ge der 1. Phase nicht mit denen der 2. Phase \u00fcbereinstimmen. Die Kennnummern wurden nach Abschluss der 1.\u00a0Phase neu vergeben.<\/p>\n","protected":false},"excerpt":{"rendered":"","protected":false},"author":1,"featured_media":0,"parent":0,"menu_order":0,"comment_status":"closed","ping_status":"closed","template":"","meta":{"footnotes":""},"class_list":["post-725","page","type-page","status-publish","hentry","comments-off"],"_links":{"self":[{"href":"https:\/\/wb-sfb.machleidt.info\/ausstellung\/wp-json\/wp\/v2\/pages\/725","targetHints":{"allow":["GET"]}}],"collection":[{"href":"https:\/\/wb-sfb.machleidt.info\/ausstellung\/wp-json\/wp\/v2\/pages"}],"about":[{"href":"https:\/\/wb-sfb.machleidt.info\/ausstellung\/wp-json\/wp\/v2\/types\/page"}],"author":[{"embeddable":true,"href":"https:\/\/wb-sfb.machleidt.info\/ausstellung\/wp-json\/wp\/v2\/users\/1"}],"replies":[{"embeddable":true,"href":"https:\/\/wb-sfb.machleidt.info\/ausstellung\/wp-json\/wp\/v2\/comments?post=725"}],"version-history":[{"count":8,"href":"https:\/\/wb-sfb.machleidt.info\/ausstellung\/wp-json\/wp\/v2\/pages\/725\/revisions"}],"predecessor-version":[{"id":920,"href":"https:\/\/wb-sfb.machleidt.info\/ausstellung\/wp-json\/wp\/v2\/pages\/725\/revisions\/920"}],"wp:attachment":[{"href":"https:\/\/wb-sfb.machleidt.info\/ausstellung\/wp-json\/wp\/v2\/media?parent=725"}],"curies":[{"name":"wp","href":"https:\/\/api.w.org\/{rel}","templated":true}]}}