{"id":741,"date":"2021-01-25T19:55:51","date_gmt":"2021-01-25T18:55:51","guid":{"rendered":"https:\/\/wb-sfb.machleidt.info\/ausstellung\/?page_id=741"},"modified":"2021-01-29T00:01:03","modified_gmt":"2021-01-28T23:01:03","slug":"phase-1-1003-ausgeschieden","status":"publish","type":"page","link":"https:\/\/wb-sfb.machleidt.info\/ausstellung\/phase-1-1003-ausgeschieden\/","title":{"rendered":"Phase 1 &#8211; 1003 (ausgeschieden)"},"content":{"rendered":"<div class=\"su-row\"><div class=\"su-column su-column-size-1-2\"><div class=\"su-column-inner su-u-clearfix su-u-trim\">\n<p><img loading=\"lazy\" decoding=\"async\" class=\"alignnone size-full wp-image-744 zoooom\" src=\"https:\/\/wb-sfb.machleidt.info\/ausstellung\/wp-content\/uploads\/2021\/01\/PH1_1003-scaled.jpg\" alt=\"\" width=\"1810\" height=\"2560\" srcset=\"https:\/\/wb-sfb.machleidt.info\/ausstellung\/wp-content\/uploads\/2021\/01\/PH1_1003-scaled.jpg 1810w, https:\/\/wb-sfb.machleidt.info\/ausstellung\/wp-content\/uploads\/2021\/01\/PH1_1003-212x300.jpg 212w, https:\/\/wb-sfb.machleidt.info\/ausstellung\/wp-content\/uploads\/2021\/01\/PH1_1003-768x1086.jpg 768w, https:\/\/wb-sfb.machleidt.info\/ausstellung\/wp-content\/uploads\/2021\/01\/PH1_1003-1086x1536.jpg 1086w, https:\/\/wb-sfb.machleidt.info\/ausstellung\/wp-content\/uploads\/2021\/01\/PH1_1003-1448x2048.jpg 1448w\" sizes=\"auto, (max-width: 1810px) 100vw, 1810px\" \/><\/p>\n<\/div><\/div> <div class=\"su-column su-column-size-1-2\"><div class=\"su-column-inner su-u-clearfix su-u-trim\">\n<p><strong>Chaves Biedermann, CH-Frauenfeld<\/strong><br \/>\nVerfasser: Miguel Chaves<\/p>\n<p><strong>D\u00fcrig AG, CH-Z\u00fcrich<\/strong><br \/>\nVerfasser: Jean Pierre D\u00fcrig<br \/>\nMitarbeit: Gian Paolo Ermolli<\/p>\n<\/div><\/div> <\/div>\n<ol>\n<li><strong>Berge in Berlin.<\/strong> Die Tr\u00fcmmerberge, zusammengetragen aus Ruinen ganzer Stadtteile, sind wichtige Landschaftselemente und \u201eBauk\u00f6rper\u201c in der Stadtlandschaft Berlins.<\/li>\n<li><strong>Sph\u00e4re.<\/strong> Die Programme und Hallen f\u00fcr die Erweiterung des Sportforums werden in einer sph\u00e4renartigen Halle mit begehbarem Dach zusammengefasst. Die Sph\u00e4re ist mit ihrer perfekten Geometrie gleichzeitig Landschaft und Halle.<\/li>\n<li><strong>Sportforum als Struktur.<\/strong> Eine regelm\u00e4ssige, 40 Meter weit gespannte Tr\u00e4gerstruktur wird \u00fcber eine Kugelkalotte gelegt. In die Halle eingebaut werden Sportarenen, H\u00f6fe, Sportprogramme, Nebenr\u00e4ume. Die Perfektion der Geometrie, der Struktur und der Konstruktion zeigt das Artefakt. Die unbeheizte Halle bietet Schutz vor Witterung. Die eingestellten Geb\u00e4ude und Sporthallen funktionieren technisch als unabh\u00e4ngige Geb\u00e4ude.<\/li>\n<li><strong>Sportforum als Landschaft. <\/strong>Das Dach ist begehbar und f\u00fcr die Nutzung durch die Nachbarn bereit. Es entsteht ein Ort f\u00fcr die Freizeit: Schlitten fahren, Fitnesspark, Picknickort, Ausflugsziel.<\/li>\n<li><strong>Nutzungen Halle.<\/strong> Die Halle fasst alle Programme (Sportarena, Bogensportanlage, Sporthallen, Beachhandballanlage, Olympiast\u00fctzpunkte und Funktionsgeb\u00e4ude f\u00fcr den Fussball) unter einem Dach zusammen. Es entstehen Synergien, direkte Beziehung und Mehrfachnutzungen der Foyers und der Infrastruktur.<\/li>\n<li>Die Foyers und Erschliessungsfl\u00e4chen k\u00f6nnen, dank dem Witterungsschutz, f\u00fcr zus\u00e4tzliche Events (Markt, Messe), genutzt werden.<\/li>\n<li><strong>Flexibilit\u00e4t.<\/strong> Die grossen Spannweiten der Halle erm\u00f6glichen von der Tragstruktur unabh\u00e4ngige Einbauten und \u00c4nderungen.<\/li>\n<li><strong>Phasen.<\/strong> Die Sph\u00e4re kann in einzelnen Schritten erstellt werden. Einzeln Kugelsegmente werden im Laufe der Zeit zur fertigen Halle zusammengesetzt.<\/li>\n<li><strong>Stadtklima.<\/strong> Die begr\u00fcnte Dachfl\u00e4che dient der grossfl\u00e4chigen Retention und damit dem Stadtklima.<\/li>\n<li><strong>Energie.<\/strong> Einzelne, grossfl\u00e4chige Solaranlagen werden als klar lesbare Technikelemente in die Dachlandschaft gesetzt.<\/li>\n<li><strong>Parkpl\u00e4tze.<\/strong> Die Tiefgarage mit 650 Pl\u00e4tzen und die peripheren Zufahrtsrampen erm\u00f6glichen eine verkehrsfreie Parkanlage f\u00fcr das Sportforum Berlin.<\/li>\n<\/ol>\n","protected":false},"excerpt":{"rendered":"","protected":false},"author":1,"featured_media":0,"parent":0,"menu_order":0,"comment_status":"closed","ping_status":"closed","template":"","meta":{"footnotes":""},"class_list":["post-741","page","type-page","status-publish","hentry","comments-off"],"_links":{"self":[{"href":"https:\/\/wb-sfb.machleidt.info\/ausstellung\/wp-json\/wp\/v2\/pages\/741","targetHints":{"allow":["GET"]}}],"collection":[{"href":"https:\/\/wb-sfb.machleidt.info\/ausstellung\/wp-json\/wp\/v2\/pages"}],"about":[{"href":"https:\/\/wb-sfb.machleidt.info\/ausstellung\/wp-json\/wp\/v2\/types\/page"}],"author":[{"embeddable":true,"href":"https:\/\/wb-sfb.machleidt.info\/ausstellung\/wp-json\/wp\/v2\/users\/1"}],"replies":[{"embeddable":true,"href":"https:\/\/wb-sfb.machleidt.info\/ausstellung\/wp-json\/wp\/v2\/comments?post=741"}],"version-history":[{"count":6,"href":"https:\/\/wb-sfb.machleidt.info\/ausstellung\/wp-json\/wp\/v2\/pages\/741\/revisions"}],"predecessor-version":[{"id":910,"href":"https:\/\/wb-sfb.machleidt.info\/ausstellung\/wp-json\/wp\/v2\/pages\/741\/revisions\/910"}],"wp:attachment":[{"href":"https:\/\/wb-sfb.machleidt.info\/ausstellung\/wp-json\/wp\/v2\/media?parent=741"}],"curies":[{"name":"wp","href":"https:\/\/api.w.org\/{rel}","templated":true}]}}