{"id":748,"date":"2021-01-25T19:57:45","date_gmt":"2021-01-25T18:57:45","guid":{"rendered":"https:\/\/wb-sfb.machleidt.info\/ausstellung\/?page_id=748"},"modified":"2021-01-29T16:53:40","modified_gmt":"2021-01-29T15:53:40","slug":"phase-1-1019-ausgewaehlt","status":"publish","type":"page","link":"https:\/\/wb-sfb.machleidt.info\/ausstellung\/phase-1-1019-ausgewaehlt\/","title":{"rendered":"Phase 1 &#8211; 1019 (ausgew\u00e4hlt)"},"content":{"rendered":"<div class=\"su-row\"><div class=\"su-column su-column-size-1-2\"><div class=\"su-column-inner su-u-clearfix su-u-trim\">\n<p><img loading=\"lazy\" decoding=\"async\" class=\"alignleft size-full wp-image-818 zoooom\" src=\"https:\/\/wb-sfb.machleidt.info\/ausstellung\/wp-content\/uploads\/2021\/01\/PH1_1019-scaled.jpg\" alt=\"\" width=\"1810\" height=\"2560\" srcset=\"https:\/\/wb-sfb.machleidt.info\/ausstellung\/wp-content\/uploads\/2021\/01\/PH1_1019-scaled.jpg 1810w, https:\/\/wb-sfb.machleidt.info\/ausstellung\/wp-content\/uploads\/2021\/01\/PH1_1019-212x300.jpg 212w, https:\/\/wb-sfb.machleidt.info\/ausstellung\/wp-content\/uploads\/2021\/01\/PH1_1019-768x1086.jpg 768w, https:\/\/wb-sfb.machleidt.info\/ausstellung\/wp-content\/uploads\/2021\/01\/PH1_1019-1086x1536.jpg 1086w, https:\/\/wb-sfb.machleidt.info\/ausstellung\/wp-content\/uploads\/2021\/01\/PH1_1019-1448x2048.jpg 1448w\" sizes=\"auto, (max-width: 1810px) 100vw, 1810px\" \/><\/p>\n<\/div><\/div> <div class=\"su-column su-column-size-1-2\"><div class=\"su-column-inner su-u-clearfix su-u-trim\">\n<p><strong>Treibhaus \/ Lavaland, Berlin<br \/>\n<\/strong>Verfasser: Deniz Dizici<\/p>\n<p><strong>GRUPPE PLANWERK, Berlin<br \/>\n<\/strong>Verfasser: Heinz Tibbe<br \/>\nMitarbeit: Ruth H\u00f6pler, Timo Hartmann, Johanna Lamers<\/p>\n<p><strong>nhst Architekten, Berlin<br \/>\n<\/strong>Verfasser: Nicole Schlieker<br \/>\nMitarbeit: Armin Ajoori<\/p>\n<h3><strong>Sportforum ++<br \/>\nSymbiose von SportForum und SportPark<\/strong><\/h3>\n<p>Das erste Plus\u00a0steht f\u00fcr die erg\u00e4nzenden und ersetzenden Neubauten und Sportfreianlagen,<br \/>\ndas zweite Plus\u00a0f\u00fcr die zu einem SportPark profilierten \u00f6ffentlichen Sport- und Bewegungsr\u00e4ume.<\/p>\n<\/div><\/div> <\/div>\n<h3>Geb\u00e4udekonfiguration und Sportfl\u00e4chengliederung<\/h3>\n<p>Der neue Olympiast\u00fctzpunkt mit markantem Hochpunkt am Wei\u00dfenseer Weg bildet das Entree des gro\u00dfz\u00fcgigen Sportboulevards, an dem entlang auch die gro\u00dfe, abgesenkte Sport-Arena und ein Hotel mit r\u00fcckw\u00e4rtig anschlie\u00dfendem Sportforums-Parkhaus (f\u00fcr den Gesamtstandort) platziert werden. S\u00fcdlich des I-geschossigen Bestandsgeb\u00e4udes der Sportst\u00e4ttenverwaltung (ggf. durch Neubau ersetzbar) kann eine sportbetonte Kita errichtet werden.<\/p>\n<p>Die kurzfristig zu realisierende neue Bogensportanlage ordnet sich am vorhandenen Standort ein; s\u00fcdlich schlie\u00dft sich ein zweigeschossiges Fu\u00dfball-Funktionsgeb\u00e4ude und \u00f6stlich eine neue 3-Feld-Typensporthalle an.<\/p>\n<p>Der Mittelraum des Sportforums wird durch vier Fu\u00dfball-Gro\u00dfspielfelder belegt. Das Stadion-Rasenspielfeld wird um die H\u00f6he der \u00fcberdachten Trib\u00fcnenkaskaden tiefer gelegt. Um die beiden n\u00f6rdlichen Gro\u00dfspielfelder f\u00fchrt die neue Radtrainingsbahn herum; \u00f6stlich davon befindet sich der Ersatzstandort der Skatingbahn.<\/p>\n<p>Entlang der Fritz-Lesch-Stra\u00dfe werden ein neues Leichtathletik-Funktionsgeb\u00e4ude, die neuen Beachhallballanlagen und nach Umbau des Stra\u00dfenversatzes auch die hierhin verlegten Beachvolleyballanlagen platziert.<\/p>\n<p>Die Mehrzweck- und Sportr\u00e4ume an der s\u00fcdlichen Stirnseite der Eisporthalle erhalten einen erg\u00e4nzenden Gastronomietrakt mit vorgelagerter Au\u00dfengastronomie unter schattigem Baumkronendach, nebst zweier Boule-Bahnen.<\/p>\n<p>Das Schul- und Leistungssportzentrum erh\u00e4lt im Norden einen zus\u00e4tzlichen Internatsbau, eine 3-Feld-Sporthalle mit Unterrichtsr\u00e4umen \u00fcber dem Funktionsteil, s\u00fcdlich davon einen E-Car-Parkplatz, sowie einen Pavillon f\u00fcr Ganztagsangebote au\u00dferhalb des Unterrichts. Das Kleinspielfeld wird daf\u00fcr in den westlichen Freiraum verlegt.<\/p>\n<p>Erg\u00e4nzend zu dem vorgegebenen Hochbau- und Sportfreianlagenprogramm wird am Wei\u00dfenseer Weg ein multifunktionales Sportgeb\u00e4ude f\u00fcr den informellen und Vereinssportbedarf mit kleineren Bewegungsr\u00e4umen f\u00fcr asiatische Sportarten und Sportformen, Gymnastik, Tanzen, Yoga, etc. platziert. Wir nennen es das \u201emove!\u201c<\/p>\n<h3>Freiraum, Wegenetz und Kfz-Erschlie\u00dfung<\/h3>\n<p>Durch Translozierung der Beachvolleyball-Anlagen an die Fritz-Lesch-Stra\u00dfe in Nachbarschaft des Beachhandballs wird der Raum zwischen dem tradierten Geb\u00e4udekomplex mit der Gro\u00dfsporthalle, den Trainingshallen und Schwimmhalle sowie der neuen Bogensportanlage und der neuen Fu\u00dfball-Spielst\u00e4tte, buchst\u00e4blich frei f\u00fcr einen offenen, sozial kontrollierbaren Parkraum informeller, nicht vereinsgebundener Sport- und Bewegungsnutzungen.<\/p>\n<p>Eine zweibahnige, 3000m lange Laufroute erg\u00e4nzt das SportPark-Angebot, indem sie das Gel\u00e4nde des Sportforums, das aufgelassene Friedhofsareal und das Schul- und Leistungssportzentrum Berlin miteinander verbindet.<\/p>\n<p>Der vorhandene Baumbestand in Verbindung mit punktuellen Erg\u00e4nzungen flankiert die offene, \u00fcbersichtliche Freiraum\u00adstruktur und unterst\u00fctzt die Profilierung zum SportPark. Daran orientiert sich ebenfalls das Fu\u00df- und Radwegenetz, das aus Bestandslagen und neuen Verbindungen geschaffen wird.<\/p>\n<p>Nach Norden hin kann es sich durch das \u00fcberkommene Wegesystem des bisherigen Friedhofsteils fortsetzen und weiter am Ostrand des Wirtschaftshof-Grundst\u00fcckes bis zum Orankeseeufer gef\u00fchrt werden.<\/p>\n<p>Als regul\u00e4re Kfz-Erschlie\u00dfungen fungieren letztlich nur noch die Fritz-Lesch-Stra\u00dfe und die Zufahrt zum Parkhaus von der Konrad-Wolf-Stra\u00dfe aus. Der Versatz der Fritz-Lesch-Stra\u00dfe wird nach Abriss des bisherigen Olympiast\u00fctzpunktes nach S\u00fcdwesten vorverlegt und um einen kleinen Vorplatz mit Kiss+Drop-Zone erg\u00e4nzt. Von der Parkhaus-Zufahrt zweigt eine s\u00fcdseitig an der Arena entlangf\u00fchrende Anlieferzone (f\u00fcr Busse, Catering, Materialtrucks, etc.) ab. Fahrradstellpl\u00e4tze werden dezentral in \u00fcberdachten Sammelanlagen angeordnet.<\/p>\n<h3>Regenwassermanagement und Klimawirksamkeiten<\/h3>\n<p>Das Regenwasser der befestigten, hell strukturierten Wege- und Platzfl\u00e4chen wird in unterirdischen Zisternen zur Nutzung als Sprengwasser f\u00fcr die Sportfreianlagen gesammelt, auf extensiv begr\u00fcnten D\u00e4chern der Neubauten r\u00fcckgehalten, in baumbestandenen Fl\u00e4chen mit wassergebundenen Oberfl\u00e4chen versickert und in baumbestandenen Verdunstungsbeeten aufgefangen. Das Parkhaus erh\u00e4lt ein Retentionsgr\u00fcndach.<\/p>\n","protected":false},"excerpt":{"rendered":"","protected":false},"author":1,"featured_media":0,"parent":0,"menu_order":0,"comment_status":"closed","ping_status":"closed","template":"","meta":{"footnotes":""},"class_list":["post-748","page","type-page","status-publish","hentry","comments-off"],"_links":{"self":[{"href":"https:\/\/wb-sfb.machleidt.info\/ausstellung\/wp-json\/wp\/v2\/pages\/748","targetHints":{"allow":["GET"]}}],"collection":[{"href":"https:\/\/wb-sfb.machleidt.info\/ausstellung\/wp-json\/wp\/v2\/pages"}],"about":[{"href":"https:\/\/wb-sfb.machleidt.info\/ausstellung\/wp-json\/wp\/v2\/types\/page"}],"author":[{"embeddable":true,"href":"https:\/\/wb-sfb.machleidt.info\/ausstellung\/wp-json\/wp\/v2\/users\/1"}],"replies":[{"embeddable":true,"href":"https:\/\/wb-sfb.machleidt.info\/ausstellung\/wp-json\/wp\/v2\/comments?post=748"}],"version-history":[{"count":5,"href":"https:\/\/wb-sfb.machleidt.info\/ausstellung\/wp-json\/wp\/v2\/pages\/748\/revisions"}],"predecessor-version":[{"id":934,"href":"https:\/\/wb-sfb.machleidt.info\/ausstellung\/wp-json\/wp\/v2\/pages\/748\/revisions\/934"}],"wp:attachment":[{"href":"https:\/\/wb-sfb.machleidt.info\/ausstellung\/wp-json\/wp\/v2\/media?parent=748"}],"curies":[{"name":"wp","href":"https:\/\/api.w.org\/{rel}","templated":true}]}}