{"id":765,"date":"2021-01-28T19:27:01","date_gmt":"2021-01-28T18:27:01","guid":{"rendered":"https:\/\/wb-sfb.machleidt.info\/ausstellung\/?page_id=765"},"modified":"2021-01-28T23:50:25","modified_gmt":"2021-01-28T22:50:25","slug":"phase-1-1016-ausgeschieden","status":"publish","type":"page","link":"https:\/\/wb-sfb.machleidt.info\/ausstellung\/phase-1-1016-ausgeschieden\/","title":{"rendered":"Phase 1 &#8211; 1016 (ausgeschieden)"},"content":{"rendered":"<div class=\"su-row\"><div class=\"su-column su-column-size-1-2\"><div class=\"su-column-inner su-u-clearfix su-u-trim\">\n<p><img loading=\"lazy\" decoding=\"async\" class=\"alignnone size-full wp-image-777 zoooom\" src=\"https:\/\/wb-sfb.machleidt.info\/ausstellung\/wp-content\/uploads\/2021\/01\/PH1_1016-scaled.jpg\" alt=\"\" width=\"1810\" height=\"2560\" srcset=\"https:\/\/wb-sfb.machleidt.info\/ausstellung\/wp-content\/uploads\/2021\/01\/PH1_1016-scaled.jpg 1810w, https:\/\/wb-sfb.machleidt.info\/ausstellung\/wp-content\/uploads\/2021\/01\/PH1_1016-212x300.jpg 212w, https:\/\/wb-sfb.machleidt.info\/ausstellung\/wp-content\/uploads\/2021\/01\/PH1_1016-768x1086.jpg 768w, https:\/\/wb-sfb.machleidt.info\/ausstellung\/wp-content\/uploads\/2021\/01\/PH1_1016-1086x1536.jpg 1086w, https:\/\/wb-sfb.machleidt.info\/ausstellung\/wp-content\/uploads\/2021\/01\/PH1_1016-1448x2048.jpg 1448w\" sizes=\"auto, (max-width: 1810px) 100vw, 1810px\" \/><\/p>\n<\/div><\/div> <div class=\"su-column su-column-size-1-2\"><div class=\"su-column-inner su-u-clearfix su-u-trim\">\n<strong>AGU<\/strong> | <strong>Goldmann Landschaftsarchitektur, Berlin<\/strong><br \/>\nVerfasser: Gero Goldmann<br \/>\nMitarbeit: Khaula Tahir<\/p>\n<p><strong>AG. Urban, Berlin<\/strong><br \/>\nVerfasser: Johannes Hipp, Peter Mackensen<br \/>\nMitarbeit: Annabell Hoffmann<\/p>\n<h3>Grundgedanke \/ Idee<\/h3>\n<p>Als Teil des Strategiepapiers \u201cBerliner Leistungssportkonzept 2024\u201d wird das Sportforum Berlin zu einem national wie international bedeutsamen Sportst\u00fctzpunkt ausgebaut. Dies kann nur durch eine konsequente Neuordnung von Fl\u00e4chen, Geb\u00e4uden und Funktionen gelingen:<\/p>\n<ul>\n<li>Kernst\u00fcck ist die Anlage einer neuen Multifunktionsarena im Zentrum des Sportforums<\/li>\n<li>Um das Zentrum herum werden bestehende und geplante Anlagen funktional und fl\u00e4chenhaft zusammengefasst und z.T. vielfach nutzbar gestaltet (Multicodierung).<\/li>\n<li>Ein neues Wegesystem fasst Erschlie\u00dfungsstrassen zusammen, schafft Rad-, Jogging- und Wanderstrecken, gibt neue Orientierung und verbindet das Sportforum besser mit umliegenden Wohnquartieren und Gr\u00fcnfl\u00e4chen<\/li>\n<li>Innerhalb des Gef\u00fcges \u201eSportforum\u201c erg\u00e4nzen \u201efreie\u201c Fl\u00e4chen die qualifizierten Orte des Spitzensports. Hier kann Spitzensport beobachtet, Freizeitsport ausgef\u00fchrt werden. Beides flie\u00dft ineinander.<\/li>\n<\/ul>\n<\/div><\/div> <\/div>\n<h3>Entwicklungsbereiche<\/h3>\n<p>Alle Ma\u00dfnahmen sind teilweise kurzfristig, \u00fcberwiegend mittel- bis langfristig umsetzbar. Dabei wird Wert darauf gelegt, dass funktionale Einheiten zusammengefasst werden:<\/p>\n<ul>\n<li>Neue Multifunktionsarena anstelle des Stadions und des Stadiongeb\u00e4udes<\/li>\n<li>Neubau Funktionsgeb\u00e4ude Fu\u00dfball im Zusammenhang mit Neuanlage\/Erg\u00e4nzung von Rasen-\/ Kunstrasenpl\u00e4tzen, Verlagerung Bolzplatz<\/li>\n<li>Neubau Funktionsgeb\u00e4ude Leichtathletik, Ersatz f\u00fcr Bestandsgeb\u00e4ude<\/li>\n<li>Neubau Olympiast\u00fctzpunkt, Ersatz f\u00fcr Bestandsgeb\u00e4ude<\/li>\n<li>Neubau Bogensportanlagen und -freianlagen, Aufgabe des alten Standortes<\/li>\n<li>Verlagerung Skatingbahn, an dieser Stelle im zentralen Bereich neue \u00f6ffentliche Gastronomie<\/li>\n<li>Neubau eines Parkhauses mit multifunktional nutzbarem Spieldeck und ebenerdigen Parkpl\u00e4tzen am Wei\u00dfenseer Weg<\/li>\n<li>Neubau Internat mit Rasenspielfl\u00e4chen am Schul- und Leistungssportzentrum (Ideenteil)<\/li>\n<\/ul>\n<h3>Erschlie\u00dfung<\/h3>\n<ul>\n<li>Um das Sportforum als st\u00e4dtischen Raum zu \u00f6ffnen, entstehen eindeutig gestaltete Eingangsbereiche, die in angenehmen Wegef\u00fchrungen in und durch das Forum f\u00fchren.<\/li>\n<li>Die Neuordnung und B\u00fcndelung des Zuliefer- und Notfallverkehrs schafft neue Gr\u00fcnfl\u00e4chen.<\/li>\n<li>Rundkurse f\u00fcr Fahrrad\/Laufen\/Skaten erstrecken sich im n\u00f6rdlichen Teil \u00fcber 900 und 650 Meter. Die angrenzenden Zuwegungen sind so dimensioniert, dass bei Bedarf Absperrungen platziert werden k\u00f6nnen.<\/li>\n<li>Das Sportforum ist somit das Scharnier zwischen Orankesee, dem Norden der Stadt Berlin und den Wohnquartieren und dem Volkspark Prenzlauer Berg im S\u00fcden.<\/li>\n<\/ul>\n<h3>Gr\u00fcn- und Freiraumkonzept<\/h3>\n<ul>\n<li>Das Vorfeld der Multifunktionsarena \u2013 einem Forum gleich &#8211; ist Treffpunkt, Aufenthaltsfl\u00e4che, Fl\u00e4che f\u00fcr freies Spiel, Bereich f\u00fcr die Anlieferung, angeschlossen an die Gastronomie und die Spiellandschaft.<\/li>\n<li>Zentraler Platz f\u00fcr das Sportforum, so offen wie m\u00f6glich und so qualifiziert wie n\u00f6tig, wird es den vielen Anspr\u00fcchen und zuk\u00fcnftigen Nutzungen dienen k\u00f6nnen. Neben Sport k\u00f6nnte er auch als Expo &#8211; oder Ausstellungsort fungieren.<\/li>\n<li>Alleeb\u00e4ume fassen alle Zugangswege, platzartigen Aufweitungen, f\u00fchren durch das Gel\u00e4nde, weisen in die Wohnquartiere und benachbarten Gr\u00fcnanlagen.<\/li>\n<li>Die funktional zusammengefassten Sportanlagen werden gerahmt von Gr\u00fcnfl\u00e4chen, die auch f\u00fcr die \u00d6ffentlichkeit als Lager- und Spielwiesen genutzt werden k\u00f6nnen. Dar\u00fcber hinaus sind sie wertvolle Versickerungsfl\u00e4chen f\u00fcr Regenwasser.<\/li>\n<li>Eine intensiv ausgestaltete Spiellandschaft schafft einen zus\u00e4tzlichen neuen Anziehungspunkt f\u00fcr die \u00d6ffentlichkeit.<\/li>\n<li>Die nicht denkmalgesch\u00fctzte Mauer des Friedhofs wird behutsam an wenigen Stellen ge\u00f6ffnet, um den wenig mit Gr\u00e4bern belegten Teil langfristig f\u00fcr Neues zu erschlie\u00dfen.<\/li>\n<li>Ein Baumwipfelpfad und Kletterwald im westlichen Friedhof (Ideenteil) bietet gro\u00dfartige Ausblicke \u00fcber die Gesamtanlage und dar\u00fcber hinaus und schafft eine neue sportlich betonte Attraktion f\u00fcr Alle.<\/li>\n<\/ul>\n","protected":false},"excerpt":{"rendered":"","protected":false},"author":1,"featured_media":0,"parent":0,"menu_order":0,"comment_status":"closed","ping_status":"closed","template":"","meta":{"footnotes":""},"class_list":["post-765","page","type-page","status-publish","hentry","comments-off"],"_links":{"self":[{"href":"https:\/\/wb-sfb.machleidt.info\/ausstellung\/wp-json\/wp\/v2\/pages\/765","targetHints":{"allow":["GET"]}}],"collection":[{"href":"https:\/\/wb-sfb.machleidt.info\/ausstellung\/wp-json\/wp\/v2\/pages"}],"about":[{"href":"https:\/\/wb-sfb.machleidt.info\/ausstellung\/wp-json\/wp\/v2\/types\/page"}],"author":[{"embeddable":true,"href":"https:\/\/wb-sfb.machleidt.info\/ausstellung\/wp-json\/wp\/v2\/users\/1"}],"replies":[{"embeddable":true,"href":"https:\/\/wb-sfb.machleidt.info\/ausstellung\/wp-json\/wp\/v2\/comments?post=765"}],"version-history":[{"count":6,"href":"https:\/\/wb-sfb.machleidt.info\/ausstellung\/wp-json\/wp\/v2\/pages\/765\/revisions"}],"predecessor-version":[{"id":904,"href":"https:\/\/wb-sfb.machleidt.info\/ausstellung\/wp-json\/wp\/v2\/pages\/765\/revisions\/904"}],"wp:attachment":[{"href":"https:\/\/wb-sfb.machleidt.info\/ausstellung\/wp-json\/wp\/v2\/media?parent=765"}],"curies":[{"name":"wp","href":"https:\/\/api.w.org\/{rel}","templated":true}]}}