{"id":766,"date":"2021-01-28T19:27:26","date_gmt":"2021-01-28T18:27:26","guid":{"rendered":"https:\/\/wb-sfb.machleidt.info\/ausstellung\/?page_id=766"},"modified":"2021-01-28T23:51:05","modified_gmt":"2021-01-28T22:51:05","slug":"phase-1-1017-ausgeschieden","status":"publish","type":"page","link":"https:\/\/wb-sfb.machleidt.info\/ausstellung\/phase-1-1017-ausgeschieden\/","title":{"rendered":"Phase 1 &#8211; 1017 (ausgeschieden)"},"content":{"rendered":"<div class=\"su-row\"><div class=\"su-column su-column-size-1-2\"><div class=\"su-column-inner su-u-clearfix su-u-trim\">\n<p><img loading=\"lazy\" decoding=\"async\" class=\"alignnone size-full wp-image-778 zoooom\" src=\"https:\/\/wb-sfb.machleidt.info\/ausstellung\/wp-content\/uploads\/2021\/01\/PH1_1017-scaled.jpg\" alt=\"\" width=\"1810\" height=\"2560\" srcset=\"https:\/\/wb-sfb.machleidt.info\/ausstellung\/wp-content\/uploads\/2021\/01\/PH1_1017-scaled.jpg 1810w, https:\/\/wb-sfb.machleidt.info\/ausstellung\/wp-content\/uploads\/2021\/01\/PH1_1017-212x300.jpg 212w, https:\/\/wb-sfb.machleidt.info\/ausstellung\/wp-content\/uploads\/2021\/01\/PH1_1017-768x1086.jpg 768w, https:\/\/wb-sfb.machleidt.info\/ausstellung\/wp-content\/uploads\/2021\/01\/PH1_1017-1086x1536.jpg 1086w, https:\/\/wb-sfb.machleidt.info\/ausstellung\/wp-content\/uploads\/2021\/01\/PH1_1017-1448x2048.jpg 1448w\" sizes=\"auto, (max-width: 1810px) 100vw, 1810px\" \/><\/p>\n<\/div><\/div> <div class=\"su-column su-column-size-1-2\"><div class=\"su-column-inner su-u-clearfix su-u-trim\">\n<p><strong>TOPOS Stadtplanung, Landschaftsplanung Stadtforschung, Berlin<\/strong><br \/>\nVerfasser: Stephan Buddatsch, Uwe Eichhorn<\/p>\n<p><strong>Scheidt Kasprusch Architekten, Berlin<\/strong><br \/>\nVerfasser: Hermann Scheidt, Frank Kasprusch<br \/>\nMitarbeit: Awais Lodhi, Louisa Simon<\/p>\n<p>Das Sportforum Berlin in Lichtenberg stellt innerhalb des st\u00e4dtebaulichen Umfeldes eine eigene Welt, eine Enklave dar. Menschen kommen hierher um Sport zu treiben und zu erleben. Eine Vernetzung mit der Umgebung findet zwar statt, \u00e4ndert aber nicht grunds\u00e4tzlich die funktional bedingte Inselsituation. Diese Konzentration wird als Eigenart des Sportforums akzeptiert und soll gest\u00e4rkt werden.<\/p>\n<\/div><\/div> <\/div>\n<p>Der Entwurf strebt eine innere Verbindung der unterschiedlichen Sportnutzungen an. Als \u00fcbergeordnetes Element verbindet ein ringf\u00f6rmiges Band alle Aktivit\u00e4ten und Nutzungen. Diese Schleife, dieser \u201eLOOP\u201c bildet ein robustes Konzept zur Gliederung der Freir\u00e4ume und Bauten sowie zur Erschlie\u00dfung verschiedenster sportlicher Aktivit\u00e4ten. Dabei erzeugt der LOOP einen inneren Zusammenhalt, eine Einheit des gesamten Sportforum-Gel\u00e4ndes.<\/p>\n<p>Dieser LOOP ist ein multifunktionales Band. Er dient als Stra\u00dfe, Radweg, Lauf- und Gehweg, kurzum: er ist ein shared space im besten Sinne. Gleichzeitig ist er ein zweckfreies, spielerisches Freiraumelement. Der LOOP verbindet \u2013 fast beil\u00e4ufig \u2013 die verschiedensten Sportanlagen auf dem Gel\u00e4nde. Er selber wird durch unterschiedlichste Aktivit\u00e4tsstationen und Ruhezonen aufgeladen und angereichert.<\/p>\n<p>Von au\u00dfen erreicht man den LOOP aus allen m\u00f6glichen Richtungen durch lineare Zuwegungen: Stichstra\u00dfen und -wege, die entsprechend ihrer Bedeutung bzw. Besucherfrequenz dimensioniert und gestaltet werden. Auch innerhalb des Gel\u00e4ndes schaffen zahlreiche geradlinige Wege zus\u00e4tzliche Querverbindungen.<\/p>\n<p>Der Verlauf des LOOP orientiert sich an den \u00f6rtlichen Gegebenheiten und der zeitlichen Abfolge der zu errichtenden Bauten und Anlagen. Er kann in Abschnitten realisiert werden. Innerhalb des LOOP liegt unter anderem die neue Sportarena mitsamt den beiden Dreifachsporthallen.<\/p>\n<p>Die Gestaltung des LOOP bedient sich der Elemente von Sportanlagen und weckt bewusst Assoziationen zu Parcours, Rundstrecke und Arena. Der LOOP stellt Bewegung dar und erm\u00f6glicht sie. Gleichzeitig bindet der LOOP die unterschiedlichsten Aktivit\u00e4ten zusammen und schafft so eine Identit\u00e4t: Das Sportforum Berlin in Lichtenberg.<\/p>\n","protected":false},"excerpt":{"rendered":"","protected":false},"author":1,"featured_media":0,"parent":0,"menu_order":0,"comment_status":"closed","ping_status":"closed","template":"","meta":{"footnotes":""},"class_list":["post-766","page","type-page","status-publish","hentry","comments-off"],"_links":{"self":[{"href":"https:\/\/wb-sfb.machleidt.info\/ausstellung\/wp-json\/wp\/v2\/pages\/766","targetHints":{"allow":["GET"]}}],"collection":[{"href":"https:\/\/wb-sfb.machleidt.info\/ausstellung\/wp-json\/wp\/v2\/pages"}],"about":[{"href":"https:\/\/wb-sfb.machleidt.info\/ausstellung\/wp-json\/wp\/v2\/types\/page"}],"author":[{"embeddable":true,"href":"https:\/\/wb-sfb.machleidt.info\/ausstellung\/wp-json\/wp\/v2\/users\/1"}],"replies":[{"embeddable":true,"href":"https:\/\/wb-sfb.machleidt.info\/ausstellung\/wp-json\/wp\/v2\/comments?post=766"}],"version-history":[{"count":6,"href":"https:\/\/wb-sfb.machleidt.info\/ausstellung\/wp-json\/wp\/v2\/pages\/766\/revisions"}],"predecessor-version":[{"id":905,"href":"https:\/\/wb-sfb.machleidt.info\/ausstellung\/wp-json\/wp\/v2\/pages\/766\/revisions\/905"}],"wp:attachment":[{"href":"https:\/\/wb-sfb.machleidt.info\/ausstellung\/wp-json\/wp\/v2\/media?parent=766"}],"curies":[{"name":"wp","href":"https:\/\/api.w.org\/{rel}","templated":true}]}}