{"id":772,"date":"2021-01-28T19:29:34","date_gmt":"2021-01-28T18:29:34","guid":{"rendered":"https:\/\/wb-sfb.machleidt.info\/ausstellung\/?page_id=772"},"modified":"2021-01-28T23:52:25","modified_gmt":"2021-01-28T22:52:25","slug":"phase-1-1018-ausgeschieden","status":"publish","type":"page","link":"https:\/\/wb-sfb.machleidt.info\/ausstellung\/phase-1-1018-ausgeschieden\/","title":{"rendered":"Phase 1 &#8211; 1018 (ausgeschieden)"},"content":{"rendered":"<div class=\"su-row\"><div class=\"su-column su-column-size-1-2\"><div class=\"su-column-inner su-u-clearfix su-u-trim\">\n<p><img loading=\"lazy\" decoding=\"async\" class=\"alignleft size-full wp-image-779 zoooom\" src=\"https:\/\/wb-sfb.machleidt.info\/ausstellung\/wp-content\/uploads\/2021\/01\/PH1_1018-scaled.jpg\" alt=\"\" width=\"1810\" height=\"2560\" srcset=\"https:\/\/wb-sfb.machleidt.info\/ausstellung\/wp-content\/uploads\/2021\/01\/PH1_1018-scaled.jpg 1810w, https:\/\/wb-sfb.machleidt.info\/ausstellung\/wp-content\/uploads\/2021\/01\/PH1_1018-212x300.jpg 212w, https:\/\/wb-sfb.machleidt.info\/ausstellung\/wp-content\/uploads\/2021\/01\/PH1_1018-768x1086.jpg 768w, https:\/\/wb-sfb.machleidt.info\/ausstellung\/wp-content\/uploads\/2021\/01\/PH1_1018-1086x1536.jpg 1086w, https:\/\/wb-sfb.machleidt.info\/ausstellung\/wp-content\/uploads\/2021\/01\/PH1_1018-1448x2048.jpg 1448w\" sizes=\"auto, (max-width: 1810px) 100vw, 1810px\" \/><\/p>\n<\/div><\/div> <div class=\"su-column su-column-size-1-2\"><div class=\"su-column-inner su-u-clearfix su-u-trim\">\n<p class=\"Bro\" style=\"text-align: left; tab-stops: 35.4pt;\" align=\"left\"><span class=\"fett\"><strong>MAN MADE LAND, Berlin<\/strong><br \/>\n<\/span><span class=\"fett\"><span style=\"font-weight: normal;\">Verfasser: Christian Bohne<br \/>\n<\/span><\/span><\/p>\n<p class=\"Bro2\" style=\"margin-left: 0cm; text-align: left; tab-stops: 35.4pt;\" align=\"left\"><span class=\"fett\"><span style=\"font-weight: normal;\"><strong>MVRDV B.V., Rotterdam<\/strong><br \/>\n<\/span><\/span><span class=\"fett\"><span style=\"font-weight: normal;\">Verfasser: Jacob van Rijs<br \/>\n<\/span><\/span><span class=\"fett\"><span style=\"font-weight: normal;\">Mitarbeit: Bertrand Schippan, Michael Labory, Ana Melgarejo, Pierre-Emmanuel Escoffier<\/span><\/span><\/p>\n<p><strong><img loading=\"lazy\" decoding=\"async\" class=\"size-full wp-image-792 aligncenter\" src=\"https:\/\/wb-sfb.machleidt.info\/ausstellung\/wp-content\/uploads\/2021\/01\/1018-Color.jpg\" alt=\"\" width=\"247\" height=\"54\" \/><\/strong><\/p>\n<p><strong>\u00a0<\/strong>\u201cTrue colors\u201d zeigt die wahre Identit\u00e4t, die dem Berliner Sportforum geb\u00fchrt, auf. Es bietet eine Antwort, die Klarheit in ein Areal bringt das unter seiner Gr\u00f6\u00dfe leidet, indem den verschiedenen Funktionen eindeutige Farben zugeordnet werden. Die Farbenpracht spiegelt den Reichtum, der auf der Anlage vorhandenen Aktivit\u00e4ten wider und erleichtert es jedem Nutzer, sein Ziel schnell und einfach zu finden. Das Sportforum Berlin soll ein internationales Vorbild werden, indem es seine Werte durch wahre Farben ausdr\u00fcckt, die den olympischen Geist, die Vielfalt der Sportarten und der Nationalit\u00e4ten, die es bereichern werden, widerspiegeln.<\/p>\n<\/div><\/div> <\/div>\n<div class=\"su-row\"><div class=\"su-column su-column-size-1-5\"><div class=\"su-column-inner su-u-clearfix su-u-trim\">\n<p><img loading=\"lazy\" decoding=\"async\" class=\"wp-image-795 size-thumbnail alignleft\" src=\"https:\/\/wb-sfb.machleidt.info\/ausstellung\/wp-content\/uploads\/2021\/01\/1018_2-150x150.jpg\" alt=\"\" width=\"150\" height=\"150\" srcset=\"https:\/\/wb-sfb.machleidt.info\/ausstellung\/wp-content\/uploads\/2021\/01\/1018_2-150x150.jpg 150w, https:\/\/wb-sfb.machleidt.info\/ausstellung\/wp-content\/uploads\/2021\/01\/1018_2-300x300.jpg 300w, https:\/\/wb-sfb.machleidt.info\/ausstellung\/wp-content\/uploads\/2021\/01\/1018_2-768x768.jpg 768w, https:\/\/wb-sfb.machleidt.info\/ausstellung\/wp-content\/uploads\/2021\/01\/1018_2.jpg 873w\" sizes=\"auto, (max-width: 150px) 100vw, 150px\" \/><\/p>\n<\/div><\/div>\n<div class=\"su-column su-column-size-4-5\"><div class=\"su-column-inner su-u-clearfix su-u-trim\">\n<p><strong>1. DIE AUFR\u00c4UMAKTION<\/strong><\/p>\n<p>Die ungenutzten und veralteten Anlagen, welche ersetzt werden m\u00fcssen, werden vom Standort entfernt. Die verbleibenden Geb\u00e4ude bilden die Grundlage f\u00fcr das neue Konzept. Sie legen die Ausrichtung und die Standorte des neuen Programms fest. In diesem Sinne wird das Neue dem Erbe folgen und sich daran anpassen. So wird die urspr\u00fcngliche Identit\u00e4t des Sportforums bewahrt, in der Form, in der sich die Nutzer\/innen an sie erinnern. <\/div><\/div> <\/div>\n<p>&nbsp;<\/p>\n<div class=\"su-row\"><div class=\"su-column su-column-size-1-5\"><div class=\"su-column-inner su-u-clearfix su-u-trim\">\n<p><img loading=\"lazy\" decoding=\"async\" class=\"alignleft size-thumbnail wp-image-795\" src=\"https:\/\/wb-sfb.machleidt.info\/ausstellung\/wp-content\/uploads\/2021\/01\/1018_2-150x150.jpg\" alt=\"\" width=\"150\" height=\"150\" srcset=\"https:\/\/wb-sfb.machleidt.info\/ausstellung\/wp-content\/uploads\/2021\/01\/1018_2-150x150.jpg 150w, https:\/\/wb-sfb.machleidt.info\/ausstellung\/wp-content\/uploads\/2021\/01\/1018_2-300x300.jpg 300w, https:\/\/wb-sfb.machleidt.info\/ausstellung\/wp-content\/uploads\/2021\/01\/1018_2-768x768.jpg 768w, https:\/\/wb-sfb.machleidt.info\/ausstellung\/wp-content\/uploads\/2021\/01\/1018_2.jpg 873w\" sizes=\"auto, (max-width: 150px) 100vw, 150px\" \/><\/p>\n<\/div><\/div>\n<div class=\"su-column su-column-size-4-5\"><div class=\"su-column-inner su-u-clearfix su-u-trim\">\n<p><strong>2. DAS NEUE PROGRAM<\/strong><\/p>\n<p>Das neue Programm f\u00fcgt sich in das durch die bestehenden Geb\u00e4ude definierte Raster ein und gew\u00e4hrleistet so eine klare st\u00e4dtische Integration und Gesamtkoh\u00e4renz. Alle \u00e4hnlichen Funktionen sind in Clustern zusammengefasst (Eissport, Fu\u00dfball, Athletik, Beachvolley, etc.), wobei eine programmatische Zonierung geschaffen und die Leitlinien der \u00fcbrigen Einrichtungen (gro\u00dfe Sporthalle und Leichtathletikhalle) befolgt werden.<\/div><\/div> <\/div>\n<div class=\"su-row\"><div class=\"su-column su-column-size-1-5\"><div class=\"su-column-inner su-u-clearfix su-u-trim\">\n<p><img loading=\"lazy\" decoding=\"async\" class=\"alignleft size-thumbnail wp-image-796\" src=\"https:\/\/wb-sfb.machleidt.info\/ausstellung\/wp-content\/uploads\/2021\/01\/1018_3-150x150.jpg\" alt=\"\" width=\"150\" height=\"150\" srcset=\"https:\/\/wb-sfb.machleidt.info\/ausstellung\/wp-content\/uploads\/2021\/01\/1018_3-150x150.jpg 150w, https:\/\/wb-sfb.machleidt.info\/ausstellung\/wp-content\/uploads\/2021\/01\/1018_3-300x300.jpg 300w, https:\/\/wb-sfb.machleidt.info\/ausstellung\/wp-content\/uploads\/2021\/01\/1018_3-768x768.jpg 768w, https:\/\/wb-sfb.machleidt.info\/ausstellung\/wp-content\/uploads\/2021\/01\/1018_3.jpg 873w\" sizes=\"auto, (max-width: 150px) 100vw, 150px\" \/><\/p>\n<\/div><\/div>\n<div class=\"su-column su-column-size-4-5\"><div class=\"su-column-inner su-u-clearfix su-u-trim\">\n<p><strong>3. DIE OFFSETS<\/strong><\/p>\n<p>Um jede Anlage herum befindet sich ein 12 m breiter \u00f6ffentlicher Raum, der im gesamten Masterplan als Farbcode dient. Dieser Pufferbereich wird zum Bindeglied zwischen dem Spitzensport und der Natur, in dem Urbanit\u00e4t durch farbiges Pflaster, \u00f6ffentliche M\u00f6bel, Zierpflanzen, Freizeitbereiche und Sportaktivit\u00e4ten umgesetzt wird. Die Bodenfarben helfen den Nutzern\/innen bei der Orientierung auf einem so gro\u00dffl\u00e4chigen Gel\u00e4nde, indem eine f\u00fcr jede\/n leicht zu erkennende und merkenswerte Klarheit geschaffen wird.<\/div><\/div> <\/div>\n<div class=\"su-row\"><div class=\"su-column su-column-size-1-5\"><div class=\"su-column-inner su-u-clearfix su-u-trim\">\n<p><img loading=\"lazy\" decoding=\"async\" class=\"alignleft size-thumbnail wp-image-797\" src=\"https:\/\/wb-sfb.machleidt.info\/ausstellung\/wp-content\/uploads\/2021\/01\/1018_4-150x150.jpg\" alt=\"\" width=\"150\" height=\"150\" srcset=\"https:\/\/wb-sfb.machleidt.info\/ausstellung\/wp-content\/uploads\/2021\/01\/1018_4-150x150.jpg 150w, https:\/\/wb-sfb.machleidt.info\/ausstellung\/wp-content\/uploads\/2021\/01\/1018_4-300x300.jpg 300w, https:\/\/wb-sfb.machleidt.info\/ausstellung\/wp-content\/uploads\/2021\/01\/1018_4-768x768.jpg 768w, https:\/\/wb-sfb.machleidt.info\/ausstellung\/wp-content\/uploads\/2021\/01\/1018_4.jpg 873w\" sizes=\"auto, (max-width: 150px) 100vw, 150px\" \/><\/p>\n<\/div><\/div>\n<div class=\"su-column su-column-size-4-5\"><div class=\"su-column-inner su-u-clearfix su-u-trim\">\n<p><strong>4. DIE WEGEF\u00dcHRUNG<\/strong><\/p>\n<p>Ein Drei-Ebenen-Netzwerk organisiert den Raum und bietet Klarheit und Hierarchie im Masterplan.<br \/>\n4.1 Die Hauptachsen: Die drei Eing\u00e4nge des Gel\u00e4ndes sind durch drei Wege von 9m Breite mit dem Zentrum des Sportforums (Sportarena) verbunden. Ein einfacher Weg, der die Beeintr\u00e4chtigung der bestehenden Anlagen vermeidet.<br \/>\n4.2 Die Schleife: Eine periphere Schleife, die alle Anlagen verbindet, bietet eine landschaftlich reizvolle Route f\u00fcr Fu\u00dfg\u00e4nger, Radfahrer, L\u00e4ufer und sogar Skater.<br \/>\n4.3 Die Abk\u00fcrzungen: Waldwege von 2m Breite, die den Fu\u00dfg\u00e4ngern helfen, sich durch die Landschaft zu bewegen und eine schnellere Verbindung zwischen den Anlagen herzustellen.<\/div><\/div> <\/div>\n<div class=\"su-row\"><div class=\"su-column su-column-size-1-5\"><div class=\"su-column-inner su-u-clearfix su-u-trim\">\n<p><img loading=\"lazy\" decoding=\"async\" class=\"alignleft size-thumbnail wp-image-798\" src=\"https:\/\/wb-sfb.machleidt.info\/ausstellung\/wp-content\/uploads\/2021\/01\/1018_5-150x150.jpg\" alt=\"\" width=\"150\" height=\"150\" srcset=\"https:\/\/wb-sfb.machleidt.info\/ausstellung\/wp-content\/uploads\/2021\/01\/1018_5-150x150.jpg 150w, https:\/\/wb-sfb.machleidt.info\/ausstellung\/wp-content\/uploads\/2021\/01\/1018_5-300x300.jpg 300w, https:\/\/wb-sfb.machleidt.info\/ausstellung\/wp-content\/uploads\/2021\/01\/1018_5-768x768.jpg 768w, https:\/\/wb-sfb.machleidt.info\/ausstellung\/wp-content\/uploads\/2021\/01\/1018_5.jpg 873w\" sizes=\"auto, (max-width: 150px) 100vw, 150px\" \/><\/p>\n<\/div><\/div>\n<div class=\"su-column su-column-size-4-5\"><div class=\"su-column-inner su-u-clearfix su-u-trim\">\n<p><strong>5. DIE LANDSCHAFT<\/strong><\/p>\n<p>Alle Zwischenr\u00e4ume werden zu einem Netzwerk aus W\u00e4ldern, die in drei Vegetationsebenen (Gr\u00e4ser, Str\u00e4ucher und B\u00e4ume) angeordnet sind.\u00a0 Das Wassermanagement im Masterplan wird durch Wasserbecken (Teiche) geregelt, die \u00fcber die Waldgebiete verteilt sind. Wenn kein Wasserr\u00fcckhalt erforderlich ist, wird die Landschaft zu einem Erholungsgebiet f\u00fcr Picknicks oder Sport. Zus\u00e4tzlich helfen durchl\u00e4ssige Boden- und Regeng\u00e4rten beim Wassermanagement und sch\u00fctzen vor \u00dcberschwemmungen.<\/p>\n<p>Das Gel\u00e4nde wir von gro\u00dfen Pl\u00e4tzen vor den drei Eing\u00e4ngen der zentralen Arena profitieren. Sie bieten eine zukunftssichere Flexibilit\u00e4t f\u00fcr jede (Gro\u00df-)Veranstaltung auf der Anlage. Dar\u00fcber hinaus kann w\u00e4hrend einer (Gro\u00df-)Veranstaltungen die Ost-West-Hauptachse durch die Nutzung der Laufbahn, von 9m auf 30m erweitert werden.<\/p>\n<\/div><\/div> <\/div>\n","protected":false},"excerpt":{"rendered":"","protected":false},"author":1,"featured_media":0,"parent":0,"menu_order":0,"comment_status":"closed","ping_status":"closed","template":"","meta":{"footnotes":""},"class_list":["post-772","page","type-page","status-publish","hentry","comments-off"],"_links":{"self":[{"href":"https:\/\/wb-sfb.machleidt.info\/ausstellung\/wp-json\/wp\/v2\/pages\/772","targetHints":{"allow":["GET"]}}],"collection":[{"href":"https:\/\/wb-sfb.machleidt.info\/ausstellung\/wp-json\/wp\/v2\/pages"}],"about":[{"href":"https:\/\/wb-sfb.machleidt.info\/ausstellung\/wp-json\/wp\/v2\/types\/page"}],"author":[{"embeddable":true,"href":"https:\/\/wb-sfb.machleidt.info\/ausstellung\/wp-json\/wp\/v2\/users\/1"}],"replies":[{"embeddable":true,"href":"https:\/\/wb-sfb.machleidt.info\/ausstellung\/wp-json\/wp\/v2\/comments?post=772"}],"version-history":[{"count":10,"href":"https:\/\/wb-sfb.machleidt.info\/ausstellung\/wp-json\/wp\/v2\/pages\/772\/revisions"}],"predecessor-version":[{"id":907,"href":"https:\/\/wb-sfb.machleidt.info\/ausstellung\/wp-json\/wp\/v2\/pages\/772\/revisions\/907"}],"wp:attachment":[{"href":"https:\/\/wb-sfb.machleidt.info\/ausstellung\/wp-json\/wp\/v2\/media?parent=772"}],"curies":[{"name":"wp","href":"https:\/\/api.w.org\/{rel}","templated":true}]}}