{"id":821,"date":"2021-01-28T22:48:07","date_gmt":"2021-01-28T21:48:07","guid":{"rendered":"https:\/\/wb-sfb.machleidt.info\/ausstellung\/?page_id=821"},"modified":"2021-01-28T23:16:36","modified_gmt":"2021-01-28T22:16:36","slug":"phase-1-1015-ausgewaehlt","status":"publish","type":"page","link":"https:\/\/wb-sfb.machleidt.info\/ausstellung\/phase-1-1015-ausgewaehlt\/","title":{"rendered":"Phase 1 &#8211; 1015 (ausgew\u00e4hlt)"},"content":{"rendered":"<div class=\"su-row\"><div class=\"su-column su-column-size-1-2\"><div class=\"su-column-inner su-u-clearfix su-u-trim\">\n<p><img loading=\"lazy\" decoding=\"async\" class=\"alignleft size-full wp-image-817 zoooom\" src=\"https:\/\/wb-sfb.machleidt.info\/ausstellung\/wp-content\/uploads\/2021\/01\/PH1_1015-scaled.jpg\" alt=\"\" width=\"1810\" height=\"2560\" srcset=\"https:\/\/wb-sfb.machleidt.info\/ausstellung\/wp-content\/uploads\/2021\/01\/PH1_1015-scaled.jpg 1810w, https:\/\/wb-sfb.machleidt.info\/ausstellung\/wp-content\/uploads\/2021\/01\/PH1_1015-212x300.jpg 212w, https:\/\/wb-sfb.machleidt.info\/ausstellung\/wp-content\/uploads\/2021\/01\/PH1_1015-768x1086.jpg 768w, https:\/\/wb-sfb.machleidt.info\/ausstellung\/wp-content\/uploads\/2021\/01\/PH1_1015-1086x1536.jpg 1086w, https:\/\/wb-sfb.machleidt.info\/ausstellung\/wp-content\/uploads\/2021\/01\/PH1_1015-1448x2048.jpg 1448w\" sizes=\"auto, (max-width: 1810px) 100vw, 1810px\" \/><\/p>\n<\/div><\/div> <div class=\"su-column su-column-size-1-2\"><div class=\"su-column-inner su-u-clearfix su-u-trim\">\n<p><strong>NuWeLa<\/strong><br \/>\nB\u00fcro f\u00fcr St\u00e4dtebau und Landschaftsarchitektur, Unterhaching<br \/>\nVerfasser: Julian Numberger, Michael Wenzel<\/p>\n<p><strong>vn-a visual network art architecture, Berlin<\/strong><br \/>\nVerfasser: Thi Thu Huong Vu, Tuan Dung Nguyen<br \/>\nMitarbeit: Ha Thang Nguyen, Ha Giang Nguyen<\/p>\n<p>Sportangebote \u00f6ffentlicher Art sowie spezialisierte Einrichtungen zur bestm\u00f6glichen F\u00f6rderung sportlicher H\u00f6chstleistungen sind ein unabdingbares Element einer offenen, demokratischen Gesellschaft. Bewegung und Aktivit\u00e4t bringen Menschen zusammen, lassen uns miteinander kommunizieren, einander unvoreingenommen begegnen, Stress abbauen und f\u00f6rdern so entscheidend ein positives Zusammenleben von Menschen unterschiedlichster Lebensvorstellungen und -entw\u00fcrfe innerhalb unserer St\u00e4dte und D\u00f6rfer.<\/p>\n<p>&nbsp;<\/p>\n<\/div><\/div> <\/div>\n<p>In dichter werdenden St\u00e4dten gewinnen aktiv nutzbare, \u00f6ffentliche Freir\u00e4ume weiter an Relevanz. Dar\u00fcber hinaus ist der Leistungssport, sowohl f\u00fcr Praktizierende als auch f\u00fcr interessierte Zusehende, eine soziale, kulturelle und \u00f6konomische gesellschaftliche St\u00fctze, die es unbedingt zu f\u00f6rdern gilt. Aus diesen beiden Grunds\u00e4tzen entsteht das Konzept f\u00fcr die zuk\u00fcnftige Entwicklung des Sportforum Berlins.<\/p>\n<p>Ziel ist es, den Stadt- und Freiraum des Sportforums mit dem Kontext zu verweben, die Anlage zu \u00f6ffnen, erlebbar zu machen und in das Netzwerk wertvoller, optimal nutzbarer und unterschiedlicher Freiraumstrukturen &#8211; als neuen und essenziellen Baustein &#8211; zu integrieren. Leistungssport, Breitensport, Verweilen und Flanieren treten dabei in einen kreativen, simbiotischen Dialog.<\/p>\n<p>Dabei wird Wert auf eine hochqualitative \u00f6ffentliche Durchwegung gelegt, die Orientierung gibt, die einzelnen Adressen erschliesst und die unterschiedlichen Akteure zusammenbringt. Zentrales Element ist eine Ost-West Promenade, die um die Multifunktionsarena und den See eine neue Mitte bildet. An den Eing\u00e4ngen markieren kleine Platzsituationen den Auftakt und kn\u00fcpfen das Areal \u00fcber Fu\u00df- und Radwegverbindungen an die n\u00e4chstgelegenen Freir\u00e4ume an.<\/p>\n<p>\u00dcber dieses effiziente Erschliessungssystem kann gleichzeitig viel Fl\u00e4che unversiegelt bleiben bzw. entsiegelt werden. Hier kann \u00fcber ein nachhaltiges, extensives Bewirtschaftungskonzept der Baumbestand zum lockeren, raum-bildenden Hutewald erg\u00e4nzt werden. Diese Fl\u00e4chen k\u00f6nnen zudem zur Retention und Entw\u00e4sserung der versiegelten Fl\u00e4chen herangezogen werden und kontrastieren spannungsvoll die intensiv genutzten Sportcluster.<\/p>\n<p>Die Sportarten werden r\u00e4umlich zusammengefasst, bilden thematische Cluster (Fu\u00dfball, Eishallen &amp; Skatingbahn, Volleyball, Leichtathletik, etc.) und schaffen ein System kurzer Wege. Die Angebote f\u00fcr den Breitensport gliedern sich zwischen den Leistungssportangeboten und sind ebenfalls \u00fcber die zentrale Achse adressiert. Erholungs- und Konsumangebote wie Kiosk, Biergarten, Caf\u00e9s komplettieren das Nutzungsangebot an geeigneten Orten (zentrale Mitte, Eing\u00e4nge, Biergarten unmittelbar an der Brauerei).<\/p>\n<p>Der ruhende Verkehr wird am Wei\u00dfenseer Weg in einer Parkgarage untergebracht. Die Garage soll zudem \u00fcber ein aktiviertes Erdgeschoss (e-Bike\/e-Car Station, Ausstellungs- und Informationsr\u00e4ume, Kiosk etc.) den \u00f6ffentlichen Raum beleben. Auf dem Dach findet Energieproduktion statt, die lokal eingespeist wird.<\/p>\n<p>Innerhalb des \u201aIdeenteil Friedhofs\u2018 entsteht ein kontemplativer Gegenpol zum Aktivbereich des Forums. Der Baumbestand wird teilweise aufgelockert, andernorts verdichtet und erzeugt so r\u00e4umliche Spannung. Innerhalb der dichten Bereiche entstehen mit Hecken eingefasste \u201aOrte der Ruhe\u2018 zum Lesen, Sinnieren und Erholen. Das SLZB wird \u00fcber den \u201aEingang Nord\u2018 mit seinem raumpr\u00e4genden Kletter- und Aussichtsturm an das Sportforum angebunden und schafft zudem eine r\u00e4umliche Verbindung zu den Freifl\u00e4chen um die Seen im Norden.<\/p>\n<p>So wird in der ersten Wettbewerbsstufe ein Konzept erarbeitet, das auf dem Sportforum Berlin eine zusammenh\u00e4ngende, lesbare st\u00e4dtebauliche und freir\u00e4umliche Struktur erwarten l\u00e4sst, die auch Anforderungen an Erschliessung, \u00d6konomie und \u00d6kologie gerecht wird. Innerhalb dieser resilienten Grundstruktur entstehen wiederum individuell erlebbare Teilr\u00e4ume von hoher Varianz, die eine spannungsvolle Raumchoreografie versprechen.<\/p>\n","protected":false},"excerpt":{"rendered":"","protected":false},"author":1,"featured_media":0,"parent":0,"menu_order":0,"comment_status":"closed","ping_status":"closed","template":"","meta":{"footnotes":""},"class_list":["post-821","page","type-page","status-publish","hentry","comments-off"],"_links":{"self":[{"href":"https:\/\/wb-sfb.machleidt.info\/ausstellung\/wp-json\/wp\/v2\/pages\/821","targetHints":{"allow":["GET"]}}],"collection":[{"href":"https:\/\/wb-sfb.machleidt.info\/ausstellung\/wp-json\/wp\/v2\/pages"}],"about":[{"href":"https:\/\/wb-sfb.machleidt.info\/ausstellung\/wp-json\/wp\/v2\/types\/page"}],"author":[{"embeddable":true,"href":"https:\/\/wb-sfb.machleidt.info\/ausstellung\/wp-json\/wp\/v2\/users\/1"}],"replies":[{"embeddable":true,"href":"https:\/\/wb-sfb.machleidt.info\/ausstellung\/wp-json\/wp\/v2\/comments?post=821"}],"version-history":[{"count":4,"href":"https:\/\/wb-sfb.machleidt.info\/ausstellung\/wp-json\/wp\/v2\/pages\/821\/revisions"}],"predecessor-version":[{"id":860,"href":"https:\/\/wb-sfb.machleidt.info\/ausstellung\/wp-json\/wp\/v2\/pages\/821\/revisions\/860"}],"wp:attachment":[{"href":"https:\/\/wb-sfb.machleidt.info\/ausstellung\/wp-json\/wp\/v2\/media?parent=821"}],"curies":[{"name":"wp","href":"https:\/\/api.w.org\/{rel}","templated":true}]}}