{"id":822,"date":"2021-01-28T22:48:14","date_gmt":"2021-01-28T21:48:14","guid":{"rendered":"https:\/\/wb-sfb.machleidt.info\/ausstellung\/?page_id=822"},"modified":"2021-01-28T23:36:56","modified_gmt":"2021-01-28T22:36:56","slug":"phase-1-1007-ausgewaehlt","status":"publish","type":"page","link":"https:\/\/wb-sfb.machleidt.info\/ausstellung\/phase-1-1007-ausgewaehlt\/","title":{"rendered":"Phase 1 &#8211; 1007 (ausgew\u00e4hlt)"},"content":{"rendered":"<div class=\"su-row\"><div class=\"su-column su-column-size-1-2\"><div class=\"su-column-inner su-u-clearfix su-u-trim\">\n<p><img loading=\"lazy\" decoding=\"async\" class=\"alignleft size-full wp-image-812 zoooom\" src=\"https:\/\/wb-sfb.machleidt.info\/ausstellung\/wp-content\/uploads\/2021\/01\/PH1_1007-scaled.jpg\" alt=\"\" width=\"1810\" height=\"2560\" srcset=\"https:\/\/wb-sfb.machleidt.info\/ausstellung\/wp-content\/uploads\/2021\/01\/PH1_1007-scaled.jpg 1810w, https:\/\/wb-sfb.machleidt.info\/ausstellung\/wp-content\/uploads\/2021\/01\/PH1_1007-212x300.jpg 212w, https:\/\/wb-sfb.machleidt.info\/ausstellung\/wp-content\/uploads\/2021\/01\/PH1_1007-768x1086.jpg 768w, https:\/\/wb-sfb.machleidt.info\/ausstellung\/wp-content\/uploads\/2021\/01\/PH1_1007-1086x1536.jpg 1086w, https:\/\/wb-sfb.machleidt.info\/ausstellung\/wp-content\/uploads\/2021\/01\/PH1_1007-1448x2048.jpg 1448w\" sizes=\"auto, (max-width: 1810px) 100vw, 1810px\" \/><\/p>\n<\/div><\/div> <div class=\"su-column su-column-size-1-2\"><div class=\"su-column-inner su-u-clearfix su-u-trim\">\n<p class=\"Bro\" style=\"margin-left: 0cm; text-align: left; text-indent: 0cm; tab-stops: 35.4pt;\" align=\"left\"><span class=\"fett\">QUERFELD EINS <\/span><\/p>\n<p class=\"Bro2\" style=\"margin-left: 0cm; text-align: left; tab-stops: 35.4pt;\" align=\"left\"><span class=\"fett\"><span style=\"font-weight: normal;\"><strong>Landschaft I St\u00e4dtebau I Architektur, Dresden<\/strong><br \/>\n<\/span><\/span><span class=\"fett\"><span style=\"font-weight: normal;\">Verfasser: Anngret St\u00f6cker, Frank Gro\u00dfkopf, Daniel St\u00f6cker-Fischer<br \/>\n<\/span><\/span><span class=\"fett\"><span style=\"font-weight: normal;\">Mitarbeit: <\/span><\/span><\/p>\n<p class=\"Bro2\" style=\"margin-left: 0cm; text-align: left; tab-stops: 35.4pt;\" align=\"left\"><span class=\"fett\"><span style=\"font-weight: normal;\"><strong>OCTAGON Architekturkollektiv, Leipzig<\/strong><br \/>\nVerfasser: Henry Fenzlein<br \/>\n<\/span><\/span><span class=\"fett\"><span style=\"font-weight: normal;\">Mitarbeit: Serafima Kreusch, Quentin Pages, Helena Gr\u00fcning, Paula Gotthard<\/span><\/span><\/p>\n<p><strong>GR\u00dcNER PULS \u2013 NEUE LANDSCHAFTEN F\u00dcR DAS SPORTFORUM BERLIN<\/strong><\/p>\n<h3>Gesamtkonzept:<\/h3>\n<p>Leitidee des Entwurfs \u201eGr\u00fcner Puls\u201c ist die Schaffung einer attraktiven begr\u00fcnten Sportlandschaft im Herzen des Sportforums, welche sich im st\u00e4dtischen Gr\u00fcnzug von Ost nach West eingliedert und neue Qualit\u00e4ten im Berliner Freiraum generiert. Das Konzept nimmt die morphologischen Begebenheiten des Ortes auf und sieht eine klar ablesbare Grundstruktur vor, in der vorhandene Achsen, Baumbest\u00e4nde und Bestandsbauten die Entwurfsgrundlagen bilden.<\/p>\n<\/div><\/div> <\/div>\n<p>Im Herzen des Sportforums werden offene Sportfelder und -anlagen neu geordnet und mithilfe nat\u00fcrlicher Freiraumelemente miteinander zu einem vielf\u00e4ltigen gr\u00fcnen Sportpark verstrickt. Eine klare Hierarchie der Durchwegung des Sportparks, in der die \u201eAllee der Athleten\u201c als Hauptachse fungiert und der \u201eCardio-Loop\u201c Abwechslungsreichtum bietet, schafft Orientierung im Sportforum und mindert m\u00f6gliche Konflikte zwischen Sporttreibenden und Passanten.<\/p>\n<p>Entlang des Loops wird der bebaute Rand aus Bestandsbauten durch die integrative Setzung neuer Bauk\u00f6rper gest\u00e4rkt und bildet somit einen starken \u00e4u\u00dferen Ring.<\/p>\n<h3>Freiraum: <\/h3>\n<p>In der neuen gr\u00fcnen Mitte werden die Qualit\u00e4ten eines durchgr\u00fcnten landschaftlichen Sportparks mit den besonderen Anforderungen des Leistungs- und Breitensports vereint. Die \u00f6kologisch und klimatisch wertvolle Versickerungslandschaft im Freiraum basiert in ihrer Idee auf der historischen Barnimer Eiszeitlandschaft des Warschau-Berliner Urstromtals und bietet die M\u00f6glichkeit der intelligenten Regenwasserbewirtschaftung f\u00fcr das gesamte Gebiet. Mit sanfter Topografie, sichtbaren Subtraten und naturnahen Pflanzungen gestaltet, wird das System aus Versickerungsmulden und Verdunstungsbeeten zum gr\u00fcnen R\u00fcckgrat des Sportparks. Dar\u00fcber hinaus werden Fl\u00e4chenversickerung, Dachbegr\u00fcnung auf den erg\u00e4nzenden Bauten und begr\u00fcnte Baumrigolen entlang der Achsen Bestandteil des Regenwassermanagements. Ein Gro\u00dfteil des wertvollen Baumbestands wird in das neue Freiraumkonzept mit einbezogen, hinzu kommen zahlreiche neue Geh\u00f6lzpflanzungen die zur klimatischen Aufwertung und \u00f6kologischen Vielfalt des Gebietes beitragen. Der Waldpark im Gebiet des Friedhofs dient als Verkn\u00fcpfung zwischen dem Schul- und Leistungssportzentrum Berlin und dem Sportforum und stellt als Biotop einen neuen wichtigen Bestandteil zur Erholung neben dem Sport dar. Der erweiterte Loop bindet hier das Sportforum bis an den Orankesee an.<\/p>\n<h3>Bebauungskonzept: <\/h3>\n<p>Das st\u00e4dtebauliche Konzept der Bebauung basiert auf dem Bestand und der Morphologie des Ortes. Bestehende Achsen werden aufgegriffen und teilen den \u00e4u\u00dferen bebauten Ring in klare Baufelder. Diese bilden einen Konsens aus Bestandsbauten und Neubauten und bilden als st\u00e4dtebauliche Figur den Rahmen der inneren Sportlandschaft. Neben der Erg\u00e4nzung des Sportangebotes durch neue Geb\u00e4ude werden Potenzialfl\u00e4chen zur zuk\u00fcnftigen Entwicklung aufgezeichnet und im Norden des SLZB entsteht ein stark mit dem Sportforum verkn\u00fcpftes Wohnquartier. Die neue markante Sportarena bildet entlang der \u201eAllee der Athleten\u201c eine starke Adresse und fungiert als Sonderbau in der gr\u00fcnen Sportlandschaft ohne dabei die st\u00e4dtebauliche Figur des Sportforums zu schw\u00e4chen.<\/p>\n<h3>Mobilit\u00e4t:<\/h3>\n<p>Das Erschlie\u00dfungskonzept setzt auf eine \u00fcberwiegend autofreie Vernetzung der Sportangebote im Inneren des Sportparks und bietet so den Sportlern und Besuchern eine sichere und konfliktfreie Durchwegung. Mobilit\u00e4tspunkte entlang des \u201eCardio-Loops\u201c bestehen aus multimobilen Umstiegsm\u00f6glichkeiten wie Park+Ride und f\u00fchren in die Sportlandschaft hinein. Ein Gro\u00dfteil des ruhenden Verkehrs kann im Mobilit\u00e4tshub am Haupteingang im Westen und auf dem bestehenden gro\u00dfen Parkplatz n\u00f6rdlich der gro\u00dfen Sporthalle sowie in einer Tiefgarage unterhalb der Sportarena Platz finden. Im Falle von Gro\u00dfveranstaltungen werden Besucherstr\u00f6me durch die Setzung mehrerer Parkm\u00f6glichkeiten verteilt \u00fcber das Hauptachsenkreuz zur Sportarena geleitet und Sportlershuttles sowie weiterer motorisierter Verkehr wie Busse und Taxen werden im Hintergrund der Sportarena organisiert.<\/p>\n","protected":false},"excerpt":{"rendered":"","protected":false},"author":1,"featured_media":0,"parent":0,"menu_order":0,"comment_status":"closed","ping_status":"closed","template":"","meta":{"footnotes":""},"class_list":["post-822","page","type-page","status-publish","hentry","comments-off"],"_links":{"self":[{"href":"https:\/\/wb-sfb.machleidt.info\/ausstellung\/wp-json\/wp\/v2\/pages\/822","targetHints":{"allow":["GET"]}}],"collection":[{"href":"https:\/\/wb-sfb.machleidt.info\/ausstellung\/wp-json\/wp\/v2\/pages"}],"about":[{"href":"https:\/\/wb-sfb.machleidt.info\/ausstellung\/wp-json\/wp\/v2\/types\/page"}],"author":[{"embeddable":true,"href":"https:\/\/wb-sfb.machleidt.info\/ausstellung\/wp-json\/wp\/v2\/users\/1"}],"replies":[{"embeddable":true,"href":"https:\/\/wb-sfb.machleidt.info\/ausstellung\/wp-json\/wp\/v2\/comments?post=822"}],"version-history":[{"count":4,"href":"https:\/\/wb-sfb.machleidt.info\/ausstellung\/wp-json\/wp\/v2\/pages\/822\/revisions"}],"predecessor-version":[{"id":888,"href":"https:\/\/wb-sfb.machleidt.info\/ausstellung\/wp-json\/wp\/v2\/pages\/822\/revisions\/888"}],"wp:attachment":[{"href":"https:\/\/wb-sfb.machleidt.info\/ausstellung\/wp-json\/wp\/v2\/media?parent=822"}],"curies":[{"name":"wp","href":"https:\/\/api.w.org\/{rel}","templated":true}]}}