{"id":823,"date":"2021-01-28T22:48:19","date_gmt":"2021-01-28T21:48:19","guid":{"rendered":"https:\/\/wb-sfb.machleidt.info\/ausstellung\/?page_id=823"},"modified":"2021-01-28T23:10:46","modified_gmt":"2021-01-28T22:10:46","slug":"phase-1-1013-ausgewaehlt","status":"publish","type":"page","link":"https:\/\/wb-sfb.machleidt.info\/ausstellung\/phase-1-1013-ausgewaehlt\/","title":{"rendered":"Phase 1 &#8211; 1013 (ausgew\u00e4hlt)"},"content":{"rendered":"<div class=\"su-row\"><div class=\"su-column su-column-size-1-2\"><div class=\"su-column-inner su-u-clearfix su-u-trim\">\n<p><img loading=\"lazy\" decoding=\"async\" class=\"alignleft size-full wp-image-815 zoooom\" src=\"https:\/\/wb-sfb.machleidt.info\/ausstellung\/wp-content\/uploads\/2021\/01\/PH1_1013-scaled.jpg\" alt=\"\" width=\"1810\" height=\"2560\" srcset=\"https:\/\/wb-sfb.machleidt.info\/ausstellung\/wp-content\/uploads\/2021\/01\/PH1_1013-scaled.jpg 1810w, https:\/\/wb-sfb.machleidt.info\/ausstellung\/wp-content\/uploads\/2021\/01\/PH1_1013-212x300.jpg 212w, https:\/\/wb-sfb.machleidt.info\/ausstellung\/wp-content\/uploads\/2021\/01\/PH1_1013-768x1086.jpg 768w, https:\/\/wb-sfb.machleidt.info\/ausstellung\/wp-content\/uploads\/2021\/01\/PH1_1013-1086x1536.jpg 1086w, https:\/\/wb-sfb.machleidt.info\/ausstellung\/wp-content\/uploads\/2021\/01\/PH1_1013-1448x2048.jpg 1448w\" sizes=\"auto, (max-width: 1810px) 100vw, 1810px\" \/><\/p>\n<\/div><\/div> <div class=\"su-column su-column-size-1-2\"><div class=\"su-column-inner su-u-clearfix su-u-trim\">\n<p class=\"Bro\" style=\"margin-left: 0cm; text-align: left; text-indent: 0cm; tab-stops: 35.4pt;\" align=\"left\"><strong><span class=\"fett\">bbzl b\u00f6hm benfer zahiri landschaften st\u00e4dtebau, Berlin<br \/>\n<\/span><\/strong><span class=\"fett\"><span style=\"font-weight: normal;\">Verfasser: Ulrike B\u00f6hm, Katja Benfer, Dr. Cyrus Zahiri<br \/>\n<\/span><\/span><span class=\"fett\"><span style=\"font-weight: normal;\">Mitarbeit: <\/span><\/span><\/p>\n<h3>Sportforum Berlin Lichtenberg<\/h3>\n<p>Die anstehenden Ver\u00e4nderungen des Sportforums er\u00f6ffnen zwei wichtige Chancen: Zur Zeit ist das Sportforum \u00fcberwiegend ein Ort f\u00fcr Sportler &#8211; k\u00fcnftig wird sich das Areal auch st\u00e4rker f\u00fcr die Stadtgesellschaft \u00f6ffnen. Ankn\u00fcpfend an die stadt\u00f6kologischen Funktionen des Berliner Nordostens k\u00f6nnen die anstehenden Neuordnungen einen wichtigen Beitrag zu Klimaresilienz und innovativem Wassermanagement leisten. Dazu werden folgende entwurflich-r\u00e4umliche Setzungen vorgeschlagen:<\/p>\n<ul>\n<li>Wegeger\u00fcst: Das Areal wird durch ein \u00fcbersichtliches Wegeger\u00fcst gegliedert. Die Erschliessung verbindet die angrenzenden Stadtbereiche und Gr\u00fcnr\u00e4ume miteinander.<\/li>\n<\/ul>\n<\/div><\/div> <\/div>\n<ul>\n<li>Gr\u00fcner Campus: Innerhalb des Forums entsteht ein Campus als langgestreckte gr\u00fcne Fuge. Die Fl\u00e4che richtet sich bewusst an alle Teile der Stadt\u00f6ffentlichkeit und kombiniert dazu unterschiedliche Angebote zu Aufenthalt, Sport und Spiel. Sie unterst\u00fctzt zudem die bestehende Kaltluftleitbahn und kn\u00fcpft im Norden und S\u00fcden an bestehende Gr\u00fcnfl\u00e4chen an.<\/li>\n<li>Sport-Cluster: Wegeger\u00fcst und gr\u00fcner Campus gliedern das Areal in vier Cluster mit jeweils eigenem Themen-Schwerpunkt. Die Cluster b\u00fcndeln bestehende und neu hinzukommende Sportangebote. Die Schwerpunktbildung vereinfacht die Orientierung vor Ort und unterst\u00fctzt Synergien.<\/li>\n<li>Wetlands \/ Schwammstadt: Zusammen mit dem Wegeger\u00fcst entsteht auf dem Areal ein zusammenh\u00e4ngendes Muldensystem als aufeinander abgestimmtes Entw\u00e4sserungssystem. Damit kann das anfallende Oberfl\u00e4chenwasser vor Ort versickern. Gleichzeitig gliedern die Modellierung das Areal und unterst\u00fctzt die Orientierung.<\/li>\n<\/ul>\n<h3>Wegeger\u00fcst \/ Erschlie\u00dfung<\/h3>\n<p>Zu Gunsten eines hohen Gr\u00fcnanteils werden die Wege- und Erschlie\u00dfungsfl\u00e4chen auf ein Minimum reduziert. Vorgeschlagen wird ein einfaches und \u00fcbersichtliches Ger\u00fcst bestehend aus zwei durchlaufenden Hauptwegen und zwei seitlichen Kurzschl\u00fcssen zur Fritz-Lesch- und zur Konrad-Wolf-Stra\u00dfe. Die Hauptwege unterscheiden sich klar von den Zugangsbereichen und den inneren Wegesystemen in den jeweils angrenzenden Sportclustern. Das Wegegesr\u00fcst \u00f6ffnet das Areal und verkn\u00fcpft es st\u00e4rker mit den umliegenden Stadt- und Gr\u00fcnr\u00e4umen. Dazu geh\u00f6ren die KGAs \u2018Langes H\u00f6he\u2019 und \u2018Am Volkspark\u2019, der St. Andreas und St. Markus Friedhof, das Schul- und Leistungssportzentrum sowie die neuen Quartiere entlang der Hohensch\u00f6nhauser Stra\u00dfe\/Konrad-Wolf-Stra\u00dfe.<\/p>\n<p>F\u00fcr den \u00f6ffentlichen MIV ist das Sportforum vom Haupteingang am Wei\u00dfenseer Weg bis zum neuen Parkhaus hinter der Gro\u00dfen Sporthalle befahrbar. Zufahrtsberechtigte NutzerInnen k\u00f6nnen dar\u00fcber hinaus den verkehrsberuhigten Erschlie\u00dfungsring von der Fritz-Lesch- und der Konrad-Wolf-Stra\u00dfe befahren. An den beiden Zug\u00e4ngen sind zus\u00e4tzlich Kiss-and-Ride-Zonen vorgesehen.<\/p>\n<h3>Gr\u00fcner Campus und Sport-Cluster<\/h3>\n<p>Der Campus dient als Identifikations- und Orientierungsmerkmal f\u00fcr das Sportforum. Bewusst zeigt er unterschiedliche Sport- und Bewegungsformen auf &#8211; in einer Spannbreite zwischen regelbasiert und frei. Gleichzeitig illustriert er die besonderen stadt\u00f6kologischen Funktionen des Areals.<\/p>\n<p>Die Campusfigur greift den s\u00fcdwestlich angrenzenden Gr\u00fcnzug auf und verbindet ihn mit dem nord\u00f6stlich anschlie\u00dfenden Friedhofsareal. Dar\u00fcber hinaus werden Ober- und Orankesee entlang des \u2018Gr\u00fcnen Wegs H\u00f6now\u2019 angebunden. Dazu wird vorgeschlagen, dass der \u2018Gr\u00fcne Weg\u2019 von der Fritz-Lesch-Stra\u00dfe in den Campus verlegt wird. Er verbindet den Haupteingang entlang der n\u00f6rdlichen Hauptachse \u00fcber den Friedhofsbereich mit dem Orankesee.<\/p>\n<p>Der Campus richtet sich insbesondere an die Stadt\u00f6ffentlichkeit und bietet dazu ein breites Angebot an Aufenthalts-, Sport- und Spielm\u00f6glichkeiten an. Bewusst werden hier Sportangebote integriert, die auch durch den Breiten- und Schulsport genutzt werden. Dazu geh\u00f6ren Radtrainingsstrecke, Skatingbahn, Calisthenics- und Spielger\u00e4te sowie Spielfelder (Fu\u00dfballtraining). Erg\u00e4nzend vorgesehen sind Orte, die bewusst nutzungsoffen bleiben, um niedrigschwellige und weniger formelle Sport- und Bewegungsarten zu erm\u00f6glichen.<\/p>\n<p>Entlang des zentralen Campus werden mehrere Bauten vorgeschlagen, die \u00f6ffentliche Nutzungen aufnehmen: Am Haupteingang und an der Zuwegungen von der Fritz-Lesch-Stra\u00dfe befinden sich Pavillons sowie ein vorgeschlagener neuer Kopfbau am Eingang der Eissporthalle. Zu den hier geeigneten Nutzungen geh\u00f6ren Caf\u00e9s, Speiseangebote (Imbiss, Bistro), Sanit\u00e4ranlagen, Dusch-Bereiche, Fan-Shops sowie ein kleiner Nahversorger.<\/p>\n<p>Die Sport-Cluster b\u00fcndeln sich erg\u00e4nzende Sportarten und erm\u00f6glichen so kurze Wege und Synergien. Funktionsgeb\u00e4ude, Sporthallen und Au\u00dfenanlagen stehen dabei in direktem Bezug zueinander und unterst\u00fctzen sich funktional. Die vorgeschlagene Hierarchisierung erleichtert die Orientierung. Gleichzeitig entstehen jeweils \u00fcberschaubare sowie st\u00f6rungsarme Umgebungen f\u00fcr den Leistungssport, f\u00fcr intensives Training und f\u00fcr konzentriertes Arbeiten.<\/p>\n<h3>Wetlands \/ Schwammstadt<\/h3>\n<p>Auf den Gesamtfl\u00e4chen wird das anfallende Oberfl\u00e4chenwasser vor Ort versickert. Die dazu notwendigen Muldenfl\u00e4chen sind Teil eines aufeinander aufbauenden Kaskadensystems: Alle Teilfl\u00e4chen verf\u00fcgen \u00fcber eigene, unabh\u00e4ngige Verdunstungs-, Versickerungs- und Retentionsfl\u00e4chen. Erg\u00e4nzt wird dieses Angebot, wo baulich m\u00f6glich und sinnvoll, durch Dachbegr\u00fcnung und eine Sammlung des Niederschlagswassers in Zisternen. Bei Starkregenereignissen k\u00f6nnen die Becken in angrenzende Entw\u00e4sserungsfl\u00e4chen \u00fcberlaufen, die wiederum zu R\u00fcckhaltebecken an tiefer gelegenen Bereichen des Sportforums f\u00fchren.<\/p>\n<p>Bewusst wird das Entw\u00e4sserungssystem auch als r\u00e4umliches Element verstanden und eingesetzt.\u00a0 Es unterst\u00fctzt das Wegeger\u00fcst, fasst die jeweiligen Cluster ein und gliedert damit das Gesamtareal. Die topografische Auspr\u00e4gung der Mulden unterst\u00fctzt die Ablesbarkeit der Campusfl\u00e4che. Die Fl\u00e4che wird durch eine Abfolge an Mulden und Verdunstungsinseln begleitet.<\/p>\n<h3>Ideenteile Schul- und Leistungssportzentrum und Friedhof<\/h3>\n<p>Das Schul- und Leistungssportzentrum wird um einen Internatsbau sowie eine 3-Feld-Sporthalle erweitert. In direktem Bezug zum Schulgeb\u00e4ude ist ein Pavillon als gr\u00fcnes Klassenzimmer und f\u00fcr das au\u00dferunterrichtliche Ganztagsangebot vorgesehen. Die schulbezogenen Freifl\u00e4chen werden erg\u00e4nzt um zus\u00e4tzliche Aufenthalts- und Aneignungsm\u00f6glichkeiten sowie durch Spiel- und Sportangebote. Im Bereich der neuen 3-Feld-Sporthalle werden 30 PKW-Stellpl\u00e4tze in das Erschlie\u00dfungssystem eingef\u00fcgt. Erg\u00e4nzend sind Fahrrad- und E-Bike-Stellpl\u00e4tze an zentralen Orten auf dem Gel\u00e4nde verortet.<\/p>\n<p>Die ehemalige Friedhofsfl\u00e4che der Friedh\u00f6fe St. Andreas und St. Markus wird \u00fcber die Verlegung des \u2018Gr\u00fcnen Wegs\u2019 in das Wegekonzept eingebunden. Dazu werden erg\u00e4nzende Eing\u00e4nge \u00fcber den gr\u00fcnen Campus und \u00fcber die Fritz-Lesch-Stra\u00dfe vorgeschlagen. Neben dem geplanten Zugang ist nach M\u00f6glichkeit ein zweiter, erg\u00e4nzender Eingang zur Friedhofsfl\u00e4che vom gr\u00fcnen Campus aus vorgesehen. Damit wird die Friedhofsfl\u00e4che als eigenst\u00e4ndiges Element in den Gr\u00fcnzug zwischen Volkspark Prenzlauer Berg und Orankesee eingebunden. Dabei sollen die Eigenarten der Alleefriedh\u00f6fe erhalten bleiben. In Abw\u00e4gung zu den Aspekten Sicherheit und Orientierung ist stellenweise eine Auflockerung der Geh\u00f6lzstruktur zu pr\u00fcfen.<\/p>\n<h3>Phasierung<\/h3>\n<p>Der Entwurf ber\u00fccksichtigt die, in der Auslobung beschriebene Phasierung sowie die sich daraus ergebenden Restriktionen und Bindungen. W\u00e4hrend der ersten Entwicklungsstufe bis 2025 k\u00f6nnen alle geplanten Ma\u00dfnahmen (vgl. Auslobung S. 61 ff.) unter Einbeziehung des Bestands realisiert werden. Zeitgleich erfolgt die Umsetzung von Teilen des Wege- und Freiraumsystems. In der zweiten Entwicklungsstufe erfolgt dann die vollst\u00e4ndige Umsetzung des Entwurfs. Der Baumbestand, insbesondere die wegebegleitenden Baumreihen- und Alleen, bleibt weitgehend erhalten.<\/p>\n","protected":false},"excerpt":{"rendered":"","protected":false},"author":1,"featured_media":0,"parent":0,"menu_order":0,"comment_status":"closed","ping_status":"closed","template":"","meta":{"footnotes":""},"class_list":["post-823","page","type-page","status-publish","hentry","comments-off"],"_links":{"self":[{"href":"https:\/\/wb-sfb.machleidt.info\/ausstellung\/wp-json\/wp\/v2\/pages\/823","targetHints":{"allow":["GET"]}}],"collection":[{"href":"https:\/\/wb-sfb.machleidt.info\/ausstellung\/wp-json\/wp\/v2\/pages"}],"about":[{"href":"https:\/\/wb-sfb.machleidt.info\/ausstellung\/wp-json\/wp\/v2\/types\/page"}],"author":[{"embeddable":true,"href":"https:\/\/wb-sfb.machleidt.info\/ausstellung\/wp-json\/wp\/v2\/users\/1"}],"replies":[{"embeddable":true,"href":"https:\/\/wb-sfb.machleidt.info\/ausstellung\/wp-json\/wp\/v2\/comments?post=823"}],"version-history":[{"count":4,"href":"https:\/\/wb-sfb.machleidt.info\/ausstellung\/wp-json\/wp\/v2\/pages\/823\/revisions"}],"predecessor-version":[{"id":854,"href":"https:\/\/wb-sfb.machleidt.info\/ausstellung\/wp-json\/wp\/v2\/pages\/823\/revisions\/854"}],"wp:attachment":[{"href":"https:\/\/wb-sfb.machleidt.info\/ausstellung\/wp-json\/wp\/v2\/media?parent=823"}],"curies":[{"name":"wp","href":"https:\/\/api.w.org\/{rel}","templated":true}]}}