{"id":914,"date":"2021-01-29T16:16:56","date_gmt":"2021-01-29T15:16:56","guid":{"rendered":"https:\/\/wb-sfb.machleidt.info\/ausstellung\/?page_id=914"},"modified":"2021-01-29T17:58:43","modified_gmt":"2021-01-29T16:58:43","slug":"beitraege-2-phase","status":"publish","type":"page","link":"https:\/\/wb-sfb.machleidt.info\/ausstellung\/beitraege-2-phase\/","title":{"rendered":"Beitr\u00e4ge 2. Phase"},"content":{"rendered":"<h3><strong>Wettbewerbsergebnis<\/strong><\/h3>\n<p>Das Preisgericht der zweiten Wettbewerbsphase tagte am 14.01.2021 pandemiebedingt als Videokonferenz und entschied nach ausf\u00fchrlicher Diskussion wie folgt:<\/p>\n<ol>\n<li>Preis: Arbeitsgemeinschaft HOLZWARTH Landschaftsarchitektur aus Berlin mit dem B\u00fcro Yellow Z aus Berlin<\/li>\n<li>Preis: Arbeitsgemeinschaft bbzl b\u00f6hm benfer zahiri landschaften aus Berlin<\/li>\n<li>Preis: Arbeitsgemeinschaft QUERFELD EINS aus Dresden mit dem B\u00fcro OCTAGON Architekturkollektiv aus Leipzig<\/li>\n<\/ol>\n<p>Anerkennung: Bode Williams + Partner aus Berlin und Renner Architekten GmbH aus Berlin<\/p>\n<p>Anerkennung: NUWELA B\u00fcro f\u00fcr St\u00e4dtebau und Landschaftsarchitektur aus Unterhaching und vn-a visual network art architecture aus Berlin.<\/p>\n<p>&nbsp;<\/p>\n<p>Das Preisgericht setzte sich wie folgt zusammen:<\/p>\n<p><strong>Stimmberechtigte Fachpreisrichter*innen<\/strong><\/p>\n<ul>\n<li>Martin Rein-Cano, Landschaftsarchitekt, Berlin<\/li>\n<li>Irene Lohaus, Landschaftsarchitektin und Stadtplanerin, Hannover\/Dresden<\/li>\n<li>Christa Reicher, Stadtplanerin und Architektin, Aachen<\/li>\n<li>Zvonko Turkali, Architekt, Frankfurt a. M.<\/li>\n<li>Kunibert Wachten, Stadtplaner und Architekt, Dortmund (Vorsitz)<\/li>\n<\/ul>\n<p><strong>Stimmberechtigte Sachpreisrichter*innen<\/strong><\/p>\n<ul>\n<li>Klaus G\u00fcttler-Lindemann, Bezirksamt Lichtenberg von Berlin, Leiter des Stadtentwicklungsamts<\/li>\n<li>Aleksander Dzembritzki, Senatsverwaltung f\u00fcr Inneres und Sport, Staatssekret\u00e4r f\u00fcr Sport<\/li>\n<li>Gerhard Lutz, Senatsverwaltung f\u00fcr Stadtentwicklung und Wohnen, Abt. V Hochbau<\/li>\n<li>Susanne Walter, Senatsverwaltung f\u00fcr Stadtentwicklung und Wohnen, Abt. II Architektur, Stadtgestaltung, Wettbewerbe<\/li>\n<\/ul>\n<p>&nbsp;<\/p>\n","protected":false},"excerpt":{"rendered":"","protected":false},"author":1,"featured_media":0,"parent":0,"menu_order":0,"comment_status":"closed","ping_status":"closed","template":"","meta":{"footnotes":""},"class_list":["post-914","page","type-page","status-publish","hentry","comments-off"],"_links":{"self":[{"href":"https:\/\/wb-sfb.machleidt.info\/ausstellung\/wp-json\/wp\/v2\/pages\/914","targetHints":{"allow":["GET"]}}],"collection":[{"href":"https:\/\/wb-sfb.machleidt.info\/ausstellung\/wp-json\/wp\/v2\/pages"}],"about":[{"href":"https:\/\/wb-sfb.machleidt.info\/ausstellung\/wp-json\/wp\/v2\/types\/page"}],"author":[{"embeddable":true,"href":"https:\/\/wb-sfb.machleidt.info\/ausstellung\/wp-json\/wp\/v2\/users\/1"}],"replies":[{"embeddable":true,"href":"https:\/\/wb-sfb.machleidt.info\/ausstellung\/wp-json\/wp\/v2\/comments?post=914"}],"version-history":[{"count":4,"href":"https:\/\/wb-sfb.machleidt.info\/ausstellung\/wp-json\/wp\/v2\/pages\/914\/revisions"}],"predecessor-version":[{"id":943,"href":"https:\/\/wb-sfb.machleidt.info\/ausstellung\/wp-json\/wp\/v2\/pages\/914\/revisions\/943"}],"wp:attachment":[{"href":"https:\/\/wb-sfb.machleidt.info\/ausstellung\/wp-json\/wp\/v2\/media?parent=914"}],"curies":[{"name":"wp","href":"https:\/\/api.w.org\/{rel}","templated":true}]}}